{"id":3392210,"date":"2025-10-09T22:32:49","date_gmt":"2025-10-10T02:32:49","guid":{"rendered":"https:\/\/stoic-curie.212-227-153-4.plesk.page\/product\/elastisches-seil-mit-baellen-4mm-x-40cm\/"},"modified":"2026-02-24T23:34:35","modified_gmt":"2026-02-24T23:34:35","slug":"elastisches-seil-mit-baellen-4mm-x-40cm","status":"publish","type":"product","link":"https:\/\/stoic-curie.212-227-153-4.plesk.page\/de\/product\/elastisches-seil-mit-baellen-4mm-x-40cm\/","title":{"rendered":"Elastisches Seil mit B\u00e4llen 4mm x 40cm"},"content":{"rendered":"<p>Elastisches Seil mit B\u00e4llen 4mm x 40cm &#8211; Schockkord mit Kugeln. Schnur \u00d8 4 mm. 2 Farben Kunststoffkugeln. Verpackung mit 20 St\u00fcck.<\/p>\n","protected":false},"excerpt":{"rendered":"<p>Elastisches Seil mit B\u00e4llen 4mm x 40cm &#8211; Schockkord mit Kugeln. Schnur \u00d8 4 mm. 2 Farben Kunststoffkugeln. Verpackung mit<\/p>\n","protected":false},"featured_media":5935921,"comment_status":"closed","ping_status":"closed","template":"","meta":[],"product_brand":[3235],"product_cat":[1321,1484],"product_tag":[],"class_list":{"0":"post-3392210","1":"product","2":"type-product","3":"status-publish","4":"has-post-thumbnail","6":"product_brand-osculati-de","7":"product_cat-elastisches-seil","8":"product_cat-zubehoer-fuer-segelboote","10":"first","11":"instock","12":"shipping-taxable","13":"purchasable","14":"product-type-simple"},"_links":{"self":[{"href":"https:\/\/stoic-curie.212-227-153-4.plesk.page\/de\/wp-json\/wp\/v2\/product\/3392210","targetHints":{"allow":["GET"]}}],"collection":[{"href":"https:\/\/stoic-curie.212-227-153-4.plesk.page\/de\/wp-json\/wp\/v2\/product"}],"about":[{"href":"https:\/\/stoic-curie.212-227-153-4.plesk.page\/de\/wp-json\/wp\/v2\/types\/product"}],"replies":[{"embeddable":true,"href":"https:\/\/stoic-curie.212-227-153-4.plesk.page\/de\/wp-json\/wp\/v2\/comments?post=3392210"}],"version-history":[{"count":0,"href":"https:\/\/stoic-curie.212-227-153-4.plesk.page\/de\/wp-json\/wp\/v2\/product\/3392210\/revisions"}],"wp:featuredmedia":[{"embeddable":true,"href":"https:\/\/stoic-curie.212-227-153-4.plesk.page\/de\/wp-json\/wp\/v2\/media\/5935921"}],"wp:attachment":[{"href":"https:\/\/stoic-curie.212-227-153-4.plesk.page\/de\/wp-json\/wp\/v2\/media?parent=3392210"}],"wp:term":[{"taxonomy":"product_brand","embeddable":true,"href":"https:\/\/stoic-curie.212-227-153-4.plesk.page\/de\/wp-json\/wp\/v2\/product_brand?post=3392210"},{"taxonomy":"product_cat","embeddable":true,"href":"https:\/\/stoic-curie.212-227-153-4.plesk.page\/de\/wp-json\/wp\/v2\/product_cat?post=3392210"},{"taxonomy":"product_tag","embeddable":true,"href":"https:\/\/stoic-curie.212-227-153-4.plesk.page\/de\/wp-json\/wp\/v2\/product_tag?post=3392210"}],"curies":[{"name":"wp","href":"https:\/\/api.w.org\/{rel}","templated":true}]}}