{"id":3392234,"date":"2025-10-09T22:32:51","date_gmt":"2025-10-10T02:32:51","guid":{"rendered":"https:\/\/stoic-curie.212-227-153-4.plesk.page\/product\/mikrofaser-pad-deckmate\/"},"modified":"2026-02-24T23:34:35","modified_gmt":"2026-02-24T23:34:35","slug":"mikrofaser-pad-deckmate","status":"publish","type":"product","link":"https:\/\/stoic-curie.212-227-153-4.plesk.page\/de\/product\/mikrofaser-pad-deckmate\/","title":{"rendered":"Mikrofaser-Pad Deckmate"},"content":{"rendered":"<p>Mikrofaser-Pad Deckmate &#8211; Spezielle Mikrofasern sind sanft und dennoch effektiv bei der Reinigung jeder Oberfl\u00e4che. Ideal zum Waschen von lackierten Oberfl\u00e4chen und klaren Vorh\u00e4ngen. Verwenden Sie es trocken, um B\u00f6den und mehr abzustauben. Der schwenkbare Kopf erm\u00f6glicht eine m\u00fchelose Reinigung aller Bereiche.<\/p>\n","protected":false},"excerpt":{"rendered":"<p>Mikrofaser-Pad Deckmate &#8211; Spezielle Mikrofasern sind sanft und dennoch effektiv bei der Reinigung jeder Oberfl\u00e4che. Ideal zum Waschen von lackierten<\/p>\n","protected":false},"featured_media":5935932,"comment_status":"closed","ping_status":"closed","template":"","meta":[],"product_brand":[3235],"product_cat":[1346],"product_tag":[],"class_list":{"0":"post-3392234","1":"product","2":"type-product","3":"status-publish","4":"has-post-thumbnail","6":"product_brand-osculati-de","7":"product_cat-reinigungsbuersten","9":"first","10":"instock","11":"shipping-taxable","12":"purchasable","13":"product-type-simple"},"_links":{"self":[{"href":"https:\/\/stoic-curie.212-227-153-4.plesk.page\/de\/wp-json\/wp\/v2\/product\/3392234","targetHints":{"allow":["GET"]}}],"collection":[{"href":"https:\/\/stoic-curie.212-227-153-4.plesk.page\/de\/wp-json\/wp\/v2\/product"}],"about":[{"href":"https:\/\/stoic-curie.212-227-153-4.plesk.page\/de\/wp-json\/wp\/v2\/types\/product"}],"replies":[{"embeddable":true,"href":"https:\/\/stoic-curie.212-227-153-4.plesk.page\/de\/wp-json\/wp\/v2\/comments?post=3392234"}],"version-history":[{"count":0,"href":"https:\/\/stoic-curie.212-227-153-4.plesk.page\/de\/wp-json\/wp\/v2\/product\/3392234\/revisions"}],"wp:featuredmedia":[{"embeddable":true,"href":"https:\/\/stoic-curie.212-227-153-4.plesk.page\/de\/wp-json\/wp\/v2\/media\/5935932"}],"wp:attachment":[{"href":"https:\/\/stoic-curie.212-227-153-4.plesk.page\/de\/wp-json\/wp\/v2\/media?parent=3392234"}],"wp:term":[{"taxonomy":"product_brand","embeddable":true,"href":"https:\/\/stoic-curie.212-227-153-4.plesk.page\/de\/wp-json\/wp\/v2\/product_brand?post=3392234"},{"taxonomy":"product_cat","embeddable":true,"href":"https:\/\/stoic-curie.212-227-153-4.plesk.page\/de\/wp-json\/wp\/v2\/product_cat?post=3392234"},{"taxonomy":"product_tag","embeddable":true,"href":"https:\/\/stoic-curie.212-227-153-4.plesk.page\/de\/wp-json\/wp\/v2\/product_tag?post=3392234"}],"curies":[{"name":"wp","href":"https:\/\/api.w.org\/{rel}","templated":true}]}}