{"id":3392522,"date":"2025-10-09T22:33:02","date_gmt":"2025-10-10T02:33:02","guid":{"rendered":"https:\/\/stoic-curie.212-227-153-4.plesk.page\/product\/tragbarer-militaerkompass-76-x-54-x-26-mm\/"},"modified":"2026-02-24T23:34:35","modified_gmt":"2026-02-24T23:34:35","slug":"tragbarer-militaerkompass-76-x-54-x-26-mm","status":"publish","type":"product","link":"https:\/\/stoic-curie.212-227-153-4.plesk.page\/de\/product\/tragbarer-militaerkompass-76-x-54-x-26-mm\/","title":{"rendered":"Tragbarer Milit\u00e4rkompass 76 x 54 x 26 mm"},"content":{"rendered":"<p>Tragbarer Milit\u00e4rkompass 76 x 54 x 26 mm &#8211; <\/p>\n<p>Hochwertiger handgehaltener Kompass mit fl\u00fcssigkeitsgef\u00fclltem Metallgeh\u00e4use, Vergr\u00f6\u00dferungsglas und Zielzeiger.<\/p>\n","protected":false},"excerpt":{"rendered":"<p>Tragbarer Milit\u00e4rkompass 76 x 54 x 26 mm &#8211; Hochwertiger handgehaltener Kompass mit fl\u00fcssigkeitsgef\u00fclltem Metallgeh\u00e4use, Vergr\u00f6\u00dferungsglas und Zielzeiger.<\/p>\n","protected":false},"featured_media":5936047,"comment_status":"closed","ping_status":"closed","template":"","meta":[],"product_brand":[3305],"product_cat":[1488],"product_tag":[],"class_list":{"0":"post-3392522","1":"product","2":"type-product","3":"status-publish","4":"has-post-thumbnail","6":"product_brand-riviera-de","7":"product_cat-handgehaltene-marinekompass","9":"first","10":"instock","11":"shipping-taxable","12":"purchasable","13":"product-type-simple"},"_links":{"self":[{"href":"https:\/\/stoic-curie.212-227-153-4.plesk.page\/de\/wp-json\/wp\/v2\/product\/3392522","targetHints":{"allow":["GET"]}}],"collection":[{"href":"https:\/\/stoic-curie.212-227-153-4.plesk.page\/de\/wp-json\/wp\/v2\/product"}],"about":[{"href":"https:\/\/stoic-curie.212-227-153-4.plesk.page\/de\/wp-json\/wp\/v2\/types\/product"}],"replies":[{"embeddable":true,"href":"https:\/\/stoic-curie.212-227-153-4.plesk.page\/de\/wp-json\/wp\/v2\/comments?post=3392522"}],"version-history":[{"count":0,"href":"https:\/\/stoic-curie.212-227-153-4.plesk.page\/de\/wp-json\/wp\/v2\/product\/3392522\/revisions"}],"wp:featuredmedia":[{"embeddable":true,"href":"https:\/\/stoic-curie.212-227-153-4.plesk.page\/de\/wp-json\/wp\/v2\/media\/5936047"}],"wp:attachment":[{"href":"https:\/\/stoic-curie.212-227-153-4.plesk.page\/de\/wp-json\/wp\/v2\/media?parent=3392522"}],"wp:term":[{"taxonomy":"product_brand","embeddable":true,"href":"https:\/\/stoic-curie.212-227-153-4.plesk.page\/de\/wp-json\/wp\/v2\/product_brand?post=3392522"},{"taxonomy":"product_cat","embeddable":true,"href":"https:\/\/stoic-curie.212-227-153-4.plesk.page\/de\/wp-json\/wp\/v2\/product_cat?post=3392522"},{"taxonomy":"product_tag","embeddable":true,"href":"https:\/\/stoic-curie.212-227-153-4.plesk.page\/de\/wp-json\/wp\/v2\/product_tag?post=3392522"}],"curies":[{"name":"wp","href":"https:\/\/api.w.org\/{rel}","templated":true}]}}