{"id":3392533,"date":"2025-10-09T22:33:02","date_gmt":"2025-10-10T02:33:02","guid":{"rendered":"https:\/\/stoic-curie.212-227-153-4.plesk.page\/product\/navigation-kompass-riviera-comet-bc1-weiss\/"},"modified":"2026-02-24T23:34:35","modified_gmt":"2026-02-24T23:34:35","slug":"navigation-kompass-riviera-comet-bc1-weiss","status":"publish","type":"product","link":"https:\/\/stoic-curie.212-227-153-4.plesk.page\/de\/product\/navigation-kompass-riviera-comet-bc1-weiss\/","title":{"rendered":"Navigation Kompass Riviera Comet BC1 &#8211; Wei\u00df"},"content":{"rendered":"<p>Navigation Kompass Riviera Comet BC1 &#8211; Wei\u00df &#8211; <\/p>\n<p>Anti-Reflexionsbildschirm zur Binnacle-Montage f\u00fcr den Kompass Comet BC1, ideal f\u00fcr kleine Boote. <br \/>\u2022 Sichtbare Kartendurchmesser 2&#8243; &#8211; 48 mm <br \/>\u2022 Frontale Ablesung (Kartengraduierung 5\u00b0) <br \/>\u2022 F\u00fcr Standard- und Hochleistungsboote <br \/>\u2022 3 Jahre Garantie<\/p>\n","protected":false},"excerpt":{"rendered":"<p>Navigation Kompass Riviera Comet BC1 &#8211; Wei\u00df &#8211; Anti-Reflexionsbildschirm zur Binnacle-Montage f\u00fcr den Kompass Comet BC1, ideal f\u00fcr kleine Boote.<\/p>\n","protected":false},"featured_media":5936048,"comment_status":"closed","ping_status":"closed","template":"","meta":[],"product_brand":[3305],"product_cat":[1493],"product_tag":[],"class_list":{"0":"post-3392533","1":"product","2":"type-product","3":"status-publish","4":"has-post-thumbnail","6":"product_brand-riviera-de","7":"product_cat-navigationskompass","9":"first","10":"instock","11":"shipping-taxable","12":"purchasable","13":"product-type-simple"},"_links":{"self":[{"href":"https:\/\/stoic-curie.212-227-153-4.plesk.page\/de\/wp-json\/wp\/v2\/product\/3392533","targetHints":{"allow":["GET"]}}],"collection":[{"href":"https:\/\/stoic-curie.212-227-153-4.plesk.page\/de\/wp-json\/wp\/v2\/product"}],"about":[{"href":"https:\/\/stoic-curie.212-227-153-4.plesk.page\/de\/wp-json\/wp\/v2\/types\/product"}],"replies":[{"embeddable":true,"href":"https:\/\/stoic-curie.212-227-153-4.plesk.page\/de\/wp-json\/wp\/v2\/comments?post=3392533"}],"version-history":[{"count":0,"href":"https:\/\/stoic-curie.212-227-153-4.plesk.page\/de\/wp-json\/wp\/v2\/product\/3392533\/revisions"}],"wp:featuredmedia":[{"embeddable":true,"href":"https:\/\/stoic-curie.212-227-153-4.plesk.page\/de\/wp-json\/wp\/v2\/media\/5936048"}],"wp:attachment":[{"href":"https:\/\/stoic-curie.212-227-153-4.plesk.page\/de\/wp-json\/wp\/v2\/media?parent=3392533"}],"wp:term":[{"taxonomy":"product_brand","embeddable":true,"href":"https:\/\/stoic-curie.212-227-153-4.plesk.page\/de\/wp-json\/wp\/v2\/product_brand?post=3392533"},{"taxonomy":"product_cat","embeddable":true,"href":"https:\/\/stoic-curie.212-227-153-4.plesk.page\/de\/wp-json\/wp\/v2\/product_cat?post=3392533"},{"taxonomy":"product_tag","embeddable":true,"href":"https:\/\/stoic-curie.212-227-153-4.plesk.page\/de\/wp-json\/wp\/v2\/product_tag?post=3392533"}],"curies":[{"name":"wp","href":"https:\/\/api.w.org\/{rel}","templated":true}]}}