{"id":3392586,"date":"2025-10-09T22:33:04","date_gmt":"2025-10-10T02:33:04","guid":{"rendered":"https:\/\/stoic-curie.212-227-153-4.plesk.page\/product\/uflex-ultra-white-voltmeter-10-16v-52mm\/"},"modified":"2026-02-24T23:34:35","modified_gmt":"2026-02-24T23:34:35","slug":"uflex-ultra-white-voltmeter-10-16v-52mm","status":"publish","type":"product","link":"https:\/\/stoic-curie.212-227-153-4.plesk.page\/de\/product\/uflex-ultra-white-voltmeter-10-16v-52mm\/","title":{"rendered":"Uflex Ultra White Voltmeter 10-16V 52mm"},"content":{"rendered":"<p>Uflex Ultra White Voltmeter 10-16V 52mm &#8211; <\/p>\n<p>Die Uflex IP67 wasserdichten Instrumente verf\u00fcgen \u00fcber eine doppellagige verst\u00e4rkte Antikondensationslinse. Sie haben eine schwarze Kunststoffblende und ein wei\u00dfes Ziffernblatt. Universelle Spannung von 12\/24V mit anpassbarem roten oder gelben Hintergrundlicht. Die Plug-and-Play-Installation ist vollst\u00e4ndig mit einem verkabelten Molex-Anschluss. Alle Druck-, Temperatur-, Level- und Winkelindikatoren m\u00fcssen mit Sensoren ausgestattet werden. Der GPS-Geschwindigkeitsanzeiger wird mit Empf\u00e4nger und Antenne geliefert.<\/p>\n","protected":false},"excerpt":{"rendered":"<p>Uflex Ultra White Voltmeter 10-16V 52mm &#8211; Die Uflex IP67 wasserdichten Instrumente verf\u00fcgen \u00fcber eine doppellagige verst\u00e4rkte Antikondensationslinse. Sie haben<\/p>\n","protected":false},"featured_media":5936072,"comment_status":"closed","ping_status":"closed","template":"","meta":[],"product_brand":[3500],"product_cat":[1442,1520],"product_tag":[],"class_list":{"0":"post-3392586","1":"product","2":"type-product","3":"status-publish","4":"has-post-thumbnail","6":"product_brand-ultraflex-uflex-de","7":"product_cat-bootsbatterien","8":"product_cat-uflex-messgeraete","10":"first","11":"instock","12":"shipping-taxable","13":"purchasable","14":"product-type-simple"},"_links":{"self":[{"href":"https:\/\/stoic-curie.212-227-153-4.plesk.page\/de\/wp-json\/wp\/v2\/product\/3392586","targetHints":{"allow":["GET"]}}],"collection":[{"href":"https:\/\/stoic-curie.212-227-153-4.plesk.page\/de\/wp-json\/wp\/v2\/product"}],"about":[{"href":"https:\/\/stoic-curie.212-227-153-4.plesk.page\/de\/wp-json\/wp\/v2\/types\/product"}],"replies":[{"embeddable":true,"href":"https:\/\/stoic-curie.212-227-153-4.plesk.page\/de\/wp-json\/wp\/v2\/comments?post=3392586"}],"version-history":[{"count":0,"href":"https:\/\/stoic-curie.212-227-153-4.plesk.page\/de\/wp-json\/wp\/v2\/product\/3392586\/revisions"}],"wp:featuredmedia":[{"embeddable":true,"href":"https:\/\/stoic-curie.212-227-153-4.plesk.page\/de\/wp-json\/wp\/v2\/media\/5936072"}],"wp:attachment":[{"href":"https:\/\/stoic-curie.212-227-153-4.plesk.page\/de\/wp-json\/wp\/v2\/media?parent=3392586"}],"wp:term":[{"taxonomy":"product_brand","embeddable":true,"href":"https:\/\/stoic-curie.212-227-153-4.plesk.page\/de\/wp-json\/wp\/v2\/product_brand?post=3392586"},{"taxonomy":"product_cat","embeddable":true,"href":"https:\/\/stoic-curie.212-227-153-4.plesk.page\/de\/wp-json\/wp\/v2\/product_cat?post=3392586"},{"taxonomy":"product_tag","embeddable":true,"href":"https:\/\/stoic-curie.212-227-153-4.plesk.page\/de\/wp-json\/wp\/v2\/product_tag?post=3392586"}],"curies":[{"name":"wp","href":"https:\/\/api.w.org\/{rel}","templated":true}]}}