{"id":3392627,"date":"2025-10-09T22:33:06","date_gmt":"2025-10-10T02:33:06","guid":{"rendered":"https:\/\/stoic-curie.212-227-153-4.plesk.page\/product\/solas-zugelassene-rettungsleine\/"},"modified":"2026-02-24T23:34:35","modified_gmt":"2026-02-24T23:34:35","slug":"solas-zugelassene-rettungsleine","status":"publish","type":"product","link":"https:\/\/stoic-curie.212-227-153-4.plesk.page\/de\/product\/solas-zugelassene-rettungsleine\/","title":{"rendered":"Solas zugelassene Rettungsleine"},"content":{"rendered":"<p>Solas zugelassene Rettungsleine &#8211; <\/p>\n<p>Rucks\u00e4cke-Rettungsleine Wurfset f\u00fcr Ring-N\u00f6te mit einem Innendurchmesser von 45 cm. Entspricht SOLAS und DM385 29\/09\/99 f\u00fcr Handel- und Freizeitschifffahrt. Rettungsleine \u00d8 8 mm x L\u00e4nge 30 m &#8211; Bruchlast: 400 kg.<\/p>\n","protected":false},"excerpt":{"rendered":"<p>Solas zugelassene Rettungsleine &#8211; Rucks\u00e4cke-Rettungsleine Wurfset f\u00fcr Ring-N\u00f6te mit einem Innendurchmesser von 45 cm. Entspricht SOLAS und DM385 29\/09\/99 f\u00fcr<\/p>\n","protected":false},"featured_media":5936079,"comment_status":"closed","ping_status":"closed","template":"","meta":[],"product_brand":[3515],"product_cat":[1317],"product_tag":[],"class_list":{"0":"post-3392627","1":"product","2":"type-product","3":"status-publish","4":"has-post-thumbnail","6":"product_brand-veleria-san-giorgio-de","7":"product_cat-rettungsring-und-rettungsleinen","9":"first","10":"instock","11":"shipping-taxable","12":"purchasable","13":"product-type-simple"},"_links":{"self":[{"href":"https:\/\/stoic-curie.212-227-153-4.plesk.page\/de\/wp-json\/wp\/v2\/product\/3392627","targetHints":{"allow":["GET"]}}],"collection":[{"href":"https:\/\/stoic-curie.212-227-153-4.plesk.page\/de\/wp-json\/wp\/v2\/product"}],"about":[{"href":"https:\/\/stoic-curie.212-227-153-4.plesk.page\/de\/wp-json\/wp\/v2\/types\/product"}],"replies":[{"embeddable":true,"href":"https:\/\/stoic-curie.212-227-153-4.plesk.page\/de\/wp-json\/wp\/v2\/comments?post=3392627"}],"version-history":[{"count":0,"href":"https:\/\/stoic-curie.212-227-153-4.plesk.page\/de\/wp-json\/wp\/v2\/product\/3392627\/revisions"}],"wp:featuredmedia":[{"embeddable":true,"href":"https:\/\/stoic-curie.212-227-153-4.plesk.page\/de\/wp-json\/wp\/v2\/media\/5936079"}],"wp:attachment":[{"href":"https:\/\/stoic-curie.212-227-153-4.plesk.page\/de\/wp-json\/wp\/v2\/media?parent=3392627"}],"wp:term":[{"taxonomy":"product_brand","embeddable":true,"href":"https:\/\/stoic-curie.212-227-153-4.plesk.page\/de\/wp-json\/wp\/v2\/product_brand?post=3392627"},{"taxonomy":"product_cat","embeddable":true,"href":"https:\/\/stoic-curie.212-227-153-4.plesk.page\/de\/wp-json\/wp\/v2\/product_cat?post=3392627"},{"taxonomy":"product_tag","embeddable":true,"href":"https:\/\/stoic-curie.212-227-153-4.plesk.page\/de\/wp-json\/wp\/v2\/product_tag?post=3392627"}],"curies":[{"name":"wp","href":"https:\/\/api.w.org\/{rel}","templated":true}]}}