{"id":3392641,"date":"2025-10-09T22:33:06","date_gmt":"2025-10-10T02:33:06","guid":{"rendered":"https:\/\/stoic-curie.212-227-153-4.plesk.page\/product\/zugelassene-rettungsweste-vsg-martinica-150n-15-30-kg\/"},"modified":"2026-02-24T23:34:35","modified_gmt":"2026-02-24T23:34:35","slug":"zugelassene-rettungsweste-vsg-martinica-150n-15-30-kg","status":"publish","type":"product","link":"https:\/\/stoic-curie.212-227-153-4.plesk.page\/de\/product\/zugelassene-rettungsweste-vsg-martinica-150n-15-30-kg\/","title":{"rendered":"Zugelassene Rettungsweste VSG Martinica 150N 15-30 kg"},"content":{"rendered":"<p>Zugelassene Rettungsweste VSG Martinica 150N 15-30 kg &#8211; <\/p>\n<p>150N bequeste und tragbare Schaumrettungsweste, EN ISO 12402-3 zertifiziert f\u00fcr die Hochseefahrt \u00fcber 6 Meilen von der K\u00fcste. Merkmale: rei\u00dffester Stoff, Rei\u00dfverschluss, 2 Gurte mit Schnellverschluss, ein unterer und Schrittgurt, reflektierende Aufn\u00e4her und Pfeife. 150N &#8211; F\u00fcr den Offshore-Einsatz, auch f\u00fcr bewusstlose Personen.<\/p>\n","protected":false},"excerpt":{"rendered":"<p>Zugelassene Rettungsweste VSG Martinica 150N 15-30 kg &#8211; 150N bequeste und tragbare Schaumrettungsweste, EN ISO 12402-3 zertifiziert f\u00fcr die Hochseefahrt<\/p>\n","protected":false},"featured_media":5936092,"comment_status":"closed","ping_status":"closed","template":"","meta":[],"product_brand":[3515],"product_cat":[1319],"product_tag":[],"class_list":{"0":"post-3392641","1":"product","2":"type-product","3":"status-publish","4":"has-post-thumbnail","6":"product_brand-veleria-san-giorgio-de","7":"product_cat-rettungswesten-fuer-kinder","9":"first","10":"instock","11":"shipping-taxable","12":"purchasable","13":"product-type-simple"},"_links":{"self":[{"href":"https:\/\/stoic-curie.212-227-153-4.plesk.page\/de\/wp-json\/wp\/v2\/product\/3392641","targetHints":{"allow":["GET"]}}],"collection":[{"href":"https:\/\/stoic-curie.212-227-153-4.plesk.page\/de\/wp-json\/wp\/v2\/product"}],"about":[{"href":"https:\/\/stoic-curie.212-227-153-4.plesk.page\/de\/wp-json\/wp\/v2\/types\/product"}],"replies":[{"embeddable":true,"href":"https:\/\/stoic-curie.212-227-153-4.plesk.page\/de\/wp-json\/wp\/v2\/comments?post=3392641"}],"version-history":[{"count":0,"href":"https:\/\/stoic-curie.212-227-153-4.plesk.page\/de\/wp-json\/wp\/v2\/product\/3392641\/revisions"}],"wp:featuredmedia":[{"embeddable":true,"href":"https:\/\/stoic-curie.212-227-153-4.plesk.page\/de\/wp-json\/wp\/v2\/media\/5936092"}],"wp:attachment":[{"href":"https:\/\/stoic-curie.212-227-153-4.plesk.page\/de\/wp-json\/wp\/v2\/media?parent=3392641"}],"wp:term":[{"taxonomy":"product_brand","embeddable":true,"href":"https:\/\/stoic-curie.212-227-153-4.plesk.page\/de\/wp-json\/wp\/v2\/product_brand?post=3392641"},{"taxonomy":"product_cat","embeddable":true,"href":"https:\/\/stoic-curie.212-227-153-4.plesk.page\/de\/wp-json\/wp\/v2\/product_cat?post=3392641"},{"taxonomy":"product_tag","embeddable":true,"href":"https:\/\/stoic-curie.212-227-153-4.plesk.page\/de\/wp-json\/wp\/v2\/product_tag?post=3392641"}],"curies":[{"name":"wp","href":"https:\/\/api.w.org\/{rel}","templated":true}]}}