{"id":3392690,"date":"2025-10-09T22:33:08","date_gmt":"2025-10-10T02:33:08","guid":{"rendered":"https:\/\/stoic-curie.212-227-153-4.plesk.page\/product\/schwarze-handwinde-630kg-1-geschwindigkeit\/"},"modified":"2026-02-24T23:34:35","modified_gmt":"2026-02-24T23:34:35","slug":"schwarze-handwinde-630kg-1-geschwindigkeit","status":"publish","type":"product","link":"https:\/\/stoic-curie.212-227-153-4.plesk.page\/de\/product\/schwarze-handwinde-630kg-1-geschwindigkeit\/","title":{"rendered":"Schwarze Handwinde 630KG 1 Geschwindigkeit"},"content":{"rendered":"<p>Schwarze Handwinde 630KG 1 Geschwindigkeit &#8211; <\/p>\n<p>Manuelle Winden f\u00fcr einfaches Bootsholen. Maximale Last kg: Gewichtslimit, das die Winde bei horizontalem Ziehen mit optimalem Gleiten unterst\u00fctzen kann. Bei schr\u00e4gen Zuglasten wird empfohlen, zwei Drittel des Gewichtslimits nicht zu \u00fcberschreiten. Lieferung ohne Drahtseil oder Gurt.<\/p>\n","protected":false},"excerpt":{"rendered":"<p>Schwarze Handwinde 630KG 1 Geschwindigkeit &#8211; Manuelle Winden f\u00fcr einfaches Bootsholen. Maximale Last kg: Gewichtslimit, das die Winde bei horizontalem<\/p>\n","protected":false},"featured_media":5936105,"comment_status":"closed","ping_status":"closed","template":"","meta":[],"product_brand":[2890],"product_cat":[1547],"product_tag":[],"class_list":{"0":"post-3392690","1":"product","2":"type-product","3":"status-publish","4":"has-post-thumbnail","6":"product_brand-domar-de","7":"product_cat-anhaengerwinden","9":"first","10":"instock","11":"shipping-taxable","12":"purchasable","13":"product-type-simple"},"_links":{"self":[{"href":"https:\/\/stoic-curie.212-227-153-4.plesk.page\/de\/wp-json\/wp\/v2\/product\/3392690","targetHints":{"allow":["GET"]}}],"collection":[{"href":"https:\/\/stoic-curie.212-227-153-4.plesk.page\/de\/wp-json\/wp\/v2\/product"}],"about":[{"href":"https:\/\/stoic-curie.212-227-153-4.plesk.page\/de\/wp-json\/wp\/v2\/types\/product"}],"replies":[{"embeddable":true,"href":"https:\/\/stoic-curie.212-227-153-4.plesk.page\/de\/wp-json\/wp\/v2\/comments?post=3392690"}],"version-history":[{"count":0,"href":"https:\/\/stoic-curie.212-227-153-4.plesk.page\/de\/wp-json\/wp\/v2\/product\/3392690\/revisions"}],"wp:featuredmedia":[{"embeddable":true,"href":"https:\/\/stoic-curie.212-227-153-4.plesk.page\/de\/wp-json\/wp\/v2\/media\/5936105"}],"wp:attachment":[{"href":"https:\/\/stoic-curie.212-227-153-4.plesk.page\/de\/wp-json\/wp\/v2\/media?parent=3392690"}],"wp:term":[{"taxonomy":"product_brand","embeddable":true,"href":"https:\/\/stoic-curie.212-227-153-4.plesk.page\/de\/wp-json\/wp\/v2\/product_brand?post=3392690"},{"taxonomy":"product_cat","embeddable":true,"href":"https:\/\/stoic-curie.212-227-153-4.plesk.page\/de\/wp-json\/wp\/v2\/product_cat?post=3392690"},{"taxonomy":"product_tag","embeddable":true,"href":"https:\/\/stoic-curie.212-227-153-4.plesk.page\/de\/wp-json\/wp\/v2\/product_tag?post=3392690"}],"curies":[{"name":"wp","href":"https:\/\/api.w.org\/{rel}","templated":true}]}}