{"id":3392701,"date":"2025-10-09T22:33:08","date_gmt":"2025-10-10T02:33:08","guid":{"rendered":"https:\/\/stoic-curie.212-227-153-4.plesk.page\/product\/marine-messer-macs-schwarz-185-cm\/"},"modified":"2026-02-24T23:34:35","modified_gmt":"2026-02-24T23:34:35","slug":"marine-messer-macs-schwarz-185-cm","status":"publish","type":"product","link":"https:\/\/stoic-curie.212-227-153-4.plesk.page\/de\/product\/marine-messer-macs-schwarz-185-cm\/","title":{"rendered":"Marine Messer Macs Schwarz, 18,5 cm"},"content":{"rendered":"<p>Marine Messer Macs Schwarz, 18,5 cm &#8211; <\/p>\n<p>Kunststoffgesch\u00fctzter Log-Line-Schneider mit Messer. Inklusive Scheide. Erm\u00f6glicht ein sicheres Schneiden aller Arten von Log-Line oder G\u00fcrtel.<\/p>\n","protected":false},"excerpt":{"rendered":"<p>Marine Messer Macs Schwarz, 18,5 cm &#8211; Kunststoffgesch\u00fctzter Log-Line-Schneider mit Messer. Inklusive Scheide. Erm\u00f6glicht ein sicheres Schneiden aller Arten von<\/p>\n","protected":false},"featured_media":5936109,"comment_status":"closed","ping_status":"closed","template":"","meta":[],"product_brand":[3080],"product_cat":[1569,1326,1557],"product_tag":[],"class_list":{"0":"post-3392701","1":"product","2":"type-product","3":"status-publish","4":"has-post-thumbnail","6":"product_brand-macs-de","7":"product_cat-segelmesser-und-werkzeuge","8":"product_cat-splicing-werkzeuge","9":"product_cat-tauchzubehoer","11":"first","12":"instock","13":"shipping-taxable","14":"purchasable","15":"product-type-simple"},"_links":{"self":[{"href":"https:\/\/stoic-curie.212-227-153-4.plesk.page\/de\/wp-json\/wp\/v2\/product\/3392701","targetHints":{"allow":["GET"]}}],"collection":[{"href":"https:\/\/stoic-curie.212-227-153-4.plesk.page\/de\/wp-json\/wp\/v2\/product"}],"about":[{"href":"https:\/\/stoic-curie.212-227-153-4.plesk.page\/de\/wp-json\/wp\/v2\/types\/product"}],"replies":[{"embeddable":true,"href":"https:\/\/stoic-curie.212-227-153-4.plesk.page\/de\/wp-json\/wp\/v2\/comments?post=3392701"}],"version-history":[{"count":0,"href":"https:\/\/stoic-curie.212-227-153-4.plesk.page\/de\/wp-json\/wp\/v2\/product\/3392701\/revisions"}],"wp:featuredmedia":[{"embeddable":true,"href":"https:\/\/stoic-curie.212-227-153-4.plesk.page\/de\/wp-json\/wp\/v2\/media\/5936109"}],"wp:attachment":[{"href":"https:\/\/stoic-curie.212-227-153-4.plesk.page\/de\/wp-json\/wp\/v2\/media?parent=3392701"}],"wp:term":[{"taxonomy":"product_brand","embeddable":true,"href":"https:\/\/stoic-curie.212-227-153-4.plesk.page\/de\/wp-json\/wp\/v2\/product_brand?post=3392701"},{"taxonomy":"product_cat","embeddable":true,"href":"https:\/\/stoic-curie.212-227-153-4.plesk.page\/de\/wp-json\/wp\/v2\/product_cat?post=3392701"},{"taxonomy":"product_tag","embeddable":true,"href":"https:\/\/stoic-curie.212-227-153-4.plesk.page\/de\/wp-json\/wp\/v2\/product_tag?post=3392701"}],"curies":[{"name":"wp","href":"https:\/\/api.w.org\/{rel}","templated":true}]}}