{"id":3392959,"date":"2025-10-09T22:33:18","date_gmt":"2025-10-10T02:33:18","guid":{"rendered":"https:\/\/stoic-curie.212-227-153-4.plesk.page\/product\/offener-jib-schnapphaken-65mm\/"},"modified":"2026-02-24T23:34:36","modified_gmt":"2026-02-24T23:34:36","slug":"offener-jib-schnapphaken-65mm","status":"publish","type":"product","link":"https:\/\/stoic-curie.212-227-153-4.plesk.page\/de\/product\/offener-jib-schnapphaken-65mm\/","title":{"rendered":"Offener Jib-Schnapphaken 65mm"},"content":{"rendered":"<p>Offener Jib-Schnapphaken 65mm &#8211; <\/p>\n<p>316 Edelstahl offenes Ende Feder-Gate-Jib-Schnapphaken. Wird verwendet, um den Jib am Augenschraube des Bugs zu befestigen. Er wird auf einen Gurt gen\u00e4ht oder an einer Leine gesplei\u00dft und dann verst\u00e4rkt.<\/p>\n","protected":false},"excerpt":{"rendered":"<p>Offener Jib-Schnapphaken 65mm &#8211; 316 Edelstahl offenes Ende Feder-Gate-Jib-Schnapphaken. Wird verwendet, um den Jib am Augenschraube des Bugs zu befestigen.<\/p>\n","protected":false},"featured_media":5936153,"comment_status":"closed","ping_status":"closed","template":"","meta":[],"product_brand":[3120],"product_cat":[1418,1477],"product_tag":[],"class_list":{"0":"post-3392959","1":"product","2":"type-product","3":"status-publish","4":"has-post-thumbnail","6":"product_brand-marinetech-de","7":"product_cat-karabiner","8":"product_cat-schnappschaekel","10":"first","11":"instock","12":"shipping-taxable","13":"purchasable","14":"product-type-simple"},"_links":{"self":[{"href":"https:\/\/stoic-curie.212-227-153-4.plesk.page\/de\/wp-json\/wp\/v2\/product\/3392959","targetHints":{"allow":["GET"]}}],"collection":[{"href":"https:\/\/stoic-curie.212-227-153-4.plesk.page\/de\/wp-json\/wp\/v2\/product"}],"about":[{"href":"https:\/\/stoic-curie.212-227-153-4.plesk.page\/de\/wp-json\/wp\/v2\/types\/product"}],"replies":[{"embeddable":true,"href":"https:\/\/stoic-curie.212-227-153-4.plesk.page\/de\/wp-json\/wp\/v2\/comments?post=3392959"}],"version-history":[{"count":0,"href":"https:\/\/stoic-curie.212-227-153-4.plesk.page\/de\/wp-json\/wp\/v2\/product\/3392959\/revisions"}],"wp:featuredmedia":[{"embeddable":true,"href":"https:\/\/stoic-curie.212-227-153-4.plesk.page\/de\/wp-json\/wp\/v2\/media\/5936153"}],"wp:attachment":[{"href":"https:\/\/stoic-curie.212-227-153-4.plesk.page\/de\/wp-json\/wp\/v2\/media?parent=3392959"}],"wp:term":[{"taxonomy":"product_brand","embeddable":true,"href":"https:\/\/stoic-curie.212-227-153-4.plesk.page\/de\/wp-json\/wp\/v2\/product_brand?post=3392959"},{"taxonomy":"product_cat","embeddable":true,"href":"https:\/\/stoic-curie.212-227-153-4.plesk.page\/de\/wp-json\/wp\/v2\/product_cat?post=3392959"},{"taxonomy":"product_tag","embeddable":true,"href":"https:\/\/stoic-curie.212-227-153-4.plesk.page\/de\/wp-json\/wp\/v2\/product_tag?post=3392959"}],"curies":[{"name":"wp","href":"https:\/\/api.w.org\/{rel}","templated":true}]}}