{"id":3393080,"date":"2025-10-09T22:33:23","date_gmt":"2025-10-10T02:33:23","guid":{"rendered":"https:\/\/stoic-curie.212-227-153-4.plesk.page\/product\/edelstahl-easy-oese-fuer-abdeckungen-und-planen\/"},"modified":"2026-02-24T23:34:36","modified_gmt":"2026-02-24T23:34:36","slug":"edelstahl-easy-oese-fuer-abdeckungen-und-planen","status":"publish","type":"product","link":"https:\/\/stoic-curie.212-227-153-4.plesk.page\/de\/product\/edelstahl-easy-oese-fuer-abdeckungen-und-planen\/","title":{"rendered":"Edelstahl-Easy-\u00d6se f\u00fcr Abdeckungen und Planen"},"content":{"rendered":"<p>Edelstahl-Easy-\u00d6se f\u00fcr Abdeckungen und Planen &#8211; <\/p>\n<p>Einfache DIY-Montage mit \u00d6sen.<\/p>\n","protected":false},"excerpt":{"rendered":"<p>Edelstahl-Easy-\u00d6se f\u00fcr Abdeckungen und Planen &#8211; Einfache DIY-Montage mit \u00d6sen.<\/p>\n","protected":false},"featured_media":5936228,"comment_status":"closed","ping_status":"closed","template":"","meta":[],"product_brand":[3075],"product_cat":[1416,1402],"product_tag":[],"class_list":{"0":"post-3393080","1":"product","2":"type-product","3":"status-publish","4":"has-post-thumbnail","6":"product_brand-loxx-de","7":"product_cat-befestigungsmaterial-fuer-bootsabdeckungen-und-bimini","8":"product_cat-bimini-verdecke","10":"first","11":"instock","12":"shipping-taxable","13":"purchasable","14":"product-type-simple"},"_links":{"self":[{"href":"https:\/\/stoic-curie.212-227-153-4.plesk.page\/de\/wp-json\/wp\/v2\/product\/3393080","targetHints":{"allow":["GET"]}}],"collection":[{"href":"https:\/\/stoic-curie.212-227-153-4.plesk.page\/de\/wp-json\/wp\/v2\/product"}],"about":[{"href":"https:\/\/stoic-curie.212-227-153-4.plesk.page\/de\/wp-json\/wp\/v2\/types\/product"}],"replies":[{"embeddable":true,"href":"https:\/\/stoic-curie.212-227-153-4.plesk.page\/de\/wp-json\/wp\/v2\/comments?post=3393080"}],"version-history":[{"count":0,"href":"https:\/\/stoic-curie.212-227-153-4.plesk.page\/de\/wp-json\/wp\/v2\/product\/3393080\/revisions"}],"wp:featuredmedia":[{"embeddable":true,"href":"https:\/\/stoic-curie.212-227-153-4.plesk.page\/de\/wp-json\/wp\/v2\/media\/5936228"}],"wp:attachment":[{"href":"https:\/\/stoic-curie.212-227-153-4.plesk.page\/de\/wp-json\/wp\/v2\/media?parent=3393080"}],"wp:term":[{"taxonomy":"product_brand","embeddable":true,"href":"https:\/\/stoic-curie.212-227-153-4.plesk.page\/de\/wp-json\/wp\/v2\/product_brand?post=3393080"},{"taxonomy":"product_cat","embeddable":true,"href":"https:\/\/stoic-curie.212-227-153-4.plesk.page\/de\/wp-json\/wp\/v2\/product_cat?post=3393080"},{"taxonomy":"product_tag","embeddable":true,"href":"https:\/\/stoic-curie.212-227-153-4.plesk.page\/de\/wp-json\/wp\/v2\/product_tag?post=3393080"}],"curies":[{"name":"wp","href":"https:\/\/api.w.org\/{rel}","templated":true}]}}