{"id":3393125,"date":"2025-10-09T22:33:24","date_gmt":"2025-10-10T02:33:24","guid":{"rendered":"https:\/\/stoic-curie.212-227-153-4.plesk.page\/product\/set-von-12-oesen-in-weissem-pvc-15-x-35-mm\/"},"modified":"2026-02-24T23:34:36","modified_gmt":"2026-02-24T23:34:36","slug":"set-von-12-oesen-in-weissem-pvc-15-x-35-mm","status":"publish","type":"product","link":"https:\/\/stoic-curie.212-227-153-4.plesk.page\/de\/product\/set-von-12-oesen-in-weissem-pvc-15-x-35-mm\/","title":{"rendered":"Set von 12 \u00d6sen in Wei\u00dfem PVC 15 x 35 mm"},"content":{"rendered":"<p>Set von 12 \u00d6sen in Wei\u00dfem PVC 15 x 35 mm &#8211; <\/p>\n<p>Kunststoff-\u00d6sen. Sie werden mit einem einfachen Hammerschlag montiert. Innendurchmesser 15 mm \/ Au\u00dfendurchmesser 35 mm. 12 St\u00fcck pro Packung.<\/p>\n","protected":false},"excerpt":{"rendered":"<p>Set von 12 \u00d6sen in Wei\u00dfem PVC 15 x 35 mm &#8211; Kunststoff-\u00d6sen. Sie werden mit einem einfachen Hammerschlag montiert.<\/p>\n","protected":false},"featured_media":5936237,"comment_status":"closed","ping_status":"closed","template":"","meta":[],"product_brand":[3185],"product_cat":[1416,1402],"product_tag":[],"class_list":{"0":"post-3393125","1":"product","2":"type-product","3":"status-publish","4":"has-post-thumbnail","6":"product_brand-nettuno-de","7":"product_cat-befestigungsmaterial-fuer-bootsabdeckungen-und-bimini","8":"product_cat-bimini-verdecke","10":"first","11":"instock","12":"shipping-taxable","13":"purchasable","14":"product-type-simple"},"_links":{"self":[{"href":"https:\/\/stoic-curie.212-227-153-4.plesk.page\/de\/wp-json\/wp\/v2\/product\/3393125","targetHints":{"allow":["GET"]}}],"collection":[{"href":"https:\/\/stoic-curie.212-227-153-4.plesk.page\/de\/wp-json\/wp\/v2\/product"}],"about":[{"href":"https:\/\/stoic-curie.212-227-153-4.plesk.page\/de\/wp-json\/wp\/v2\/types\/product"}],"replies":[{"embeddable":true,"href":"https:\/\/stoic-curie.212-227-153-4.plesk.page\/de\/wp-json\/wp\/v2\/comments?post=3393125"}],"version-history":[{"count":0,"href":"https:\/\/stoic-curie.212-227-153-4.plesk.page\/de\/wp-json\/wp\/v2\/product\/3393125\/revisions"}],"wp:featuredmedia":[{"embeddable":true,"href":"https:\/\/stoic-curie.212-227-153-4.plesk.page\/de\/wp-json\/wp\/v2\/media\/5936237"}],"wp:attachment":[{"href":"https:\/\/stoic-curie.212-227-153-4.plesk.page\/de\/wp-json\/wp\/v2\/media?parent=3393125"}],"wp:term":[{"taxonomy":"product_brand","embeddable":true,"href":"https:\/\/stoic-curie.212-227-153-4.plesk.page\/de\/wp-json\/wp\/v2\/product_brand?post=3393125"},{"taxonomy":"product_cat","embeddable":true,"href":"https:\/\/stoic-curie.212-227-153-4.plesk.page\/de\/wp-json\/wp\/v2\/product_cat?post=3393125"},{"taxonomy":"product_tag","embeddable":true,"href":"https:\/\/stoic-curie.212-227-153-4.plesk.page\/de\/wp-json\/wp\/v2\/product_tag?post=3393125"}],"curies":[{"name":"wp","href":"https:\/\/api.w.org\/{rel}","templated":true}]}}