{"id":3393153,"date":"2025-10-09T22:33:25","date_gmt":"2025-10-10T02:33:25","guid":{"rendered":"https:\/\/stoic-curie.212-227-153-4.plesk.page\/product\/einkomponentenkleber-pren-6517-fuer-hohe-temperaturen-850g\/"},"modified":"2026-02-24T23:34:36","modified_gmt":"2026-02-24T23:34:36","slug":"einkomponentenkleber-pren-6517-fuer-hohe-temperaturen-850g","status":"publish","type":"product","link":"https:\/\/stoic-curie.212-227-153-4.plesk.page\/de\/product\/einkomponentenkleber-pren-6517-fuer-hohe-temperaturen-850g\/","title":{"rendered":"Einkomponentenkleber Pren 6517 f\u00fcr hohe Temperaturen 850g"},"content":{"rendered":"<p>Einkomponentenkleber Pren 6517 f\u00fcr hohe Temperaturen 850g &#8211; <\/p>\n<p>Ein einkomponentiger Kleber, der mit einem Spachtel aufgetragen wird und f\u00fcr hohe Temperaturen geeignet ist. Er wird zum Verkleben von thermo-\/schalld\u00e4mmenden Paneelen und Kunststofflaminaten, PVC und ABS mit Holz, Spanplatten, Metall und GFK-Substraten in der N\u00e4he von W\u00e4rmequellen verwendet. Die Klebeeigenschaften bleiben bis zu 80\u00b0 unver\u00e4ndert.<\/p>\n","protected":false},"excerpt":{"rendered":"<p>Einkomponentenkleber Pren 6517 f\u00fcr hohe Temperaturen 850g &#8211; Ein einkomponentiger Kleber, der mit einem Spachtel aufgetragen wird und f\u00fcr hohe<\/p>\n","protected":false},"featured_media":5936256,"comment_status":"closed","ping_status":"closed","template":"","meta":[],"product_brand":[2870],"product_cat":[1523,1350],"product_tag":[],"class_list":{"0":"post-3393153","1":"product","2":"type-product","3":"status-publish","4":"has-post-thumbnail","6":"product_brand-crc-marine-de","7":"product_cat-isolierung-und-schalldaemmung","8":"product_cat-klebstoffe-und-dichtungsmassen","10":"first","11":"instock","12":"shipping-taxable","13":"purchasable","14":"product-type-simple"},"_links":{"self":[{"href":"https:\/\/stoic-curie.212-227-153-4.plesk.page\/de\/wp-json\/wp\/v2\/product\/3393153","targetHints":{"allow":["GET"]}}],"collection":[{"href":"https:\/\/stoic-curie.212-227-153-4.plesk.page\/de\/wp-json\/wp\/v2\/product"}],"about":[{"href":"https:\/\/stoic-curie.212-227-153-4.plesk.page\/de\/wp-json\/wp\/v2\/types\/product"}],"replies":[{"embeddable":true,"href":"https:\/\/stoic-curie.212-227-153-4.plesk.page\/de\/wp-json\/wp\/v2\/comments?post=3393153"}],"version-history":[{"count":0,"href":"https:\/\/stoic-curie.212-227-153-4.plesk.page\/de\/wp-json\/wp\/v2\/product\/3393153\/revisions"}],"wp:featuredmedia":[{"embeddable":true,"href":"https:\/\/stoic-curie.212-227-153-4.plesk.page\/de\/wp-json\/wp\/v2\/media\/5936256"}],"wp:attachment":[{"href":"https:\/\/stoic-curie.212-227-153-4.plesk.page\/de\/wp-json\/wp\/v2\/media?parent=3393153"}],"wp:term":[{"taxonomy":"product_brand","embeddable":true,"href":"https:\/\/stoic-curie.212-227-153-4.plesk.page\/de\/wp-json\/wp\/v2\/product_brand?post=3393153"},{"taxonomy":"product_cat","embeddable":true,"href":"https:\/\/stoic-curie.212-227-153-4.plesk.page\/de\/wp-json\/wp\/v2\/product_cat?post=3393153"},{"taxonomy":"product_tag","embeddable":true,"href":"https:\/\/stoic-curie.212-227-153-4.plesk.page\/de\/wp-json\/wp\/v2\/product_tag?post=3393153"}],"curies":[{"name":"wp","href":"https:\/\/api.w.org\/{rel}","templated":true}]}}