{"id":3393610,"date":"2025-10-09T22:33:42","date_gmt":"2025-10-10T02:33:42","guid":{"rendered":"https:\/\/stoic-curie.212-227-153-4.plesk.page\/product\/4-takt-aussenborderoel-quicksilver-sae-10w-30-1-liter\/"},"modified":"2026-02-24T23:34:36","modified_gmt":"2026-02-24T23:34:36","slug":"4-takt-aussenborderoel-quicksilver-sae-10w-30-1-liter","status":"publish","type":"product","link":"https:\/\/stoic-curie.212-227-153-4.plesk.page\/de\/product\/4-takt-aussenborderoel-quicksilver-sae-10w-30-1-liter\/","title":{"rendered":"4-Takt-Au\u00dfenborder\u00f6l Quicksilver SAE 10W-30 1 Liter"},"content":{"rendered":"<p>4-Takt-Au\u00dfenborder\u00f6l Quicksilver SAE 10W-30 1 Liter &#8211; <\/p>\n<p>4-Takt SAE 10W-30 Au\u00dfenbordmotoren\u00f6l.<\/p>\n","protected":false},"excerpt":{"rendered":"<p>4-Takt-Au\u00dfenborder\u00f6l Quicksilver SAE 10W-30 1 Liter &#8211; 4-Takt SAE 10W-30 Au\u00dfenbordmotoren\u00f6l.<\/p>\n","protected":false},"featured_media":5936413,"comment_status":"closed","ping_status":"closed","template":"","meta":[],"product_brand":[3285],"product_cat":[1515],"product_tag":[],"class_list":{"0":"post-3393610","1":"product","2":"type-product","3":"status-publish","4":"has-post-thumbnail","6":"product_brand-quicksilver-de","7":"product_cat-marine-motoroel","9":"first","10":"outofstock","11":"shipping-taxable","12":"purchasable","13":"product-type-simple"},"_links":{"self":[{"href":"https:\/\/stoic-curie.212-227-153-4.plesk.page\/de\/wp-json\/wp\/v2\/product\/3393610","targetHints":{"allow":["GET"]}}],"collection":[{"href":"https:\/\/stoic-curie.212-227-153-4.plesk.page\/de\/wp-json\/wp\/v2\/product"}],"about":[{"href":"https:\/\/stoic-curie.212-227-153-4.plesk.page\/de\/wp-json\/wp\/v2\/types\/product"}],"replies":[{"embeddable":true,"href":"https:\/\/stoic-curie.212-227-153-4.plesk.page\/de\/wp-json\/wp\/v2\/comments?post=3393610"}],"version-history":[{"count":0,"href":"https:\/\/stoic-curie.212-227-153-4.plesk.page\/de\/wp-json\/wp\/v2\/product\/3393610\/revisions"}],"wp:featuredmedia":[{"embeddable":true,"href":"https:\/\/stoic-curie.212-227-153-4.plesk.page\/de\/wp-json\/wp\/v2\/media\/5936413"}],"wp:attachment":[{"href":"https:\/\/stoic-curie.212-227-153-4.plesk.page\/de\/wp-json\/wp\/v2\/media?parent=3393610"}],"wp:term":[{"taxonomy":"product_brand","embeddable":true,"href":"https:\/\/stoic-curie.212-227-153-4.plesk.page\/de\/wp-json\/wp\/v2\/product_brand?post=3393610"},{"taxonomy":"product_cat","embeddable":true,"href":"https:\/\/stoic-curie.212-227-153-4.plesk.page\/de\/wp-json\/wp\/v2\/product_cat?post=3393610"},{"taxonomy":"product_tag","embeddable":true,"href":"https:\/\/stoic-curie.212-227-153-4.plesk.page\/de\/wp-json\/wp\/v2\/product_tag?post=3393610"}],"curies":[{"name":"wp","href":"https:\/\/api.w.org\/{rel}","templated":true}]}}