{"id":3393665,"date":"2025-10-09T22:33:45","date_gmt":"2025-10-10T02:33:45","guid":{"rendered":"https:\/\/stoic-curie.212-227-153-4.plesk.page\/product\/teakoel-star-brite-gold-910-ml\/"},"modified":"2026-02-24T23:34:36","modified_gmt":"2026-02-24T23:34:36","slug":"teakoel-star-brite-gold-910-ml","status":"publish","type":"product","link":"https:\/\/stoic-curie.212-227-153-4.plesk.page\/de\/product\/teakoel-star-brite-gold-910-ml\/","title":{"rendered":"Teak\u00f6l Star Brite GOLD 910 ml"},"content":{"rendered":"<p>Teak\u00f6l Star Brite GOLD 910 ml &#8211; <\/p>\n<p>\u2022 Extra langlebiger Schutz f\u00fcr Teakholz<br \/>\u2022 Verleiht Teakholz eine nat\u00fcrliche, warme goldene Farbe<br \/>\u2022 Einfach anzuwenden, schnell trocknend<br \/>\u2022 Sch\u00fctzt vor ultravioletten Strahlen<br \/>\u2022 Fortschrittliche Tung\u00f6l-Polymer-Formel<br \/>\u2022 #1 bewertetes Teak\u00f6l in unabh\u00e4ngigen Tests<br \/>\u2022 H\u00e4lt 6 Mal l\u00e4nger als herk\u00f6mmliche Teak\u00f6le<\/p>\n","protected":false},"excerpt":{"rendered":"<p>Teak\u00f6l Star Brite GOLD 910 ml &#8211; \u2022 Extra langlebiger Schutz f\u00fcr Teakholz\u2022 Verleiht Teakholz eine nat\u00fcrliche, warme goldene Farbe\u2022<\/p>\n","protected":false},"featured_media":5936419,"comment_status":"closed","ping_status":"closed","template":"","meta":[],"product_brand":[3435],"product_cat":[1338],"product_tag":[],"class_list":{"0":"post-3393665","1":"product","2":"type-product","3":"status-publish","4":"has-post-thumbnail","6":"product_brand-starbrite-de","7":"product_cat-marine-schiffslacke-und-teakoel","9":"first","10":"instock","11":"shipping-taxable","12":"purchasable","13":"product-type-simple"},"_links":{"self":[{"href":"https:\/\/stoic-curie.212-227-153-4.plesk.page\/de\/wp-json\/wp\/v2\/product\/3393665","targetHints":{"allow":["GET"]}}],"collection":[{"href":"https:\/\/stoic-curie.212-227-153-4.plesk.page\/de\/wp-json\/wp\/v2\/product"}],"about":[{"href":"https:\/\/stoic-curie.212-227-153-4.plesk.page\/de\/wp-json\/wp\/v2\/types\/product"}],"replies":[{"embeddable":true,"href":"https:\/\/stoic-curie.212-227-153-4.plesk.page\/de\/wp-json\/wp\/v2\/comments?post=3393665"}],"version-history":[{"count":0,"href":"https:\/\/stoic-curie.212-227-153-4.plesk.page\/de\/wp-json\/wp\/v2\/product\/3393665\/revisions"}],"wp:featuredmedia":[{"embeddable":true,"href":"https:\/\/stoic-curie.212-227-153-4.plesk.page\/de\/wp-json\/wp\/v2\/media\/5936419"}],"wp:attachment":[{"href":"https:\/\/stoic-curie.212-227-153-4.plesk.page\/de\/wp-json\/wp\/v2\/media?parent=3393665"}],"wp:term":[{"taxonomy":"product_brand","embeddable":true,"href":"https:\/\/stoic-curie.212-227-153-4.plesk.page\/de\/wp-json\/wp\/v2\/product_brand?post=3393665"},{"taxonomy":"product_cat","embeddable":true,"href":"https:\/\/stoic-curie.212-227-153-4.plesk.page\/de\/wp-json\/wp\/v2\/product_cat?post=3393665"},{"taxonomy":"product_tag","embeddable":true,"href":"https:\/\/stoic-curie.212-227-153-4.plesk.page\/de\/wp-json\/wp\/v2\/product_tag?post=3393665"}],"curies":[{"name":"wp","href":"https:\/\/api.w.org\/{rel}","templated":true}]}}