{"id":3393839,"date":"2025-10-09T22:33:51","date_gmt":"2025-10-10T02:33:51","guid":{"rendered":"https:\/\/stoic-curie.212-227-153-4.plesk.page\/product\/aluminium-klampen-sprenger-classic-160mm\/"},"modified":"2026-02-24T23:34:36","modified_gmt":"2026-02-24T23:34:36","slug":"aluminium-klampen-sprenger-classic-160mm","status":"publish","type":"product","link":"https:\/\/stoic-curie.212-227-153-4.plesk.page\/de\/product\/aluminium-klampen-sprenger-classic-160mm\/","title":{"rendered":"Aluminium Klampen Sprenger Classic 160mm"},"content":{"rendered":"<p>Aluminium Klampen Sprenger Classic 160mm &#8211; <\/p>\n<p>Herausragende Qualit\u00e4t und Verarbeitung des flachen, ambossf\u00f6rmigen HS-anodisierten Aluminium-Segelbeschlags mit 4 Montageschrauben und hohlem Fu\u00df.<\/p>\n","protected":false},"excerpt":{"rendered":"<p>Aluminium Klampen Sprenger Classic 160mm &#8211; Herausragende Qualit\u00e4t und Verarbeitung des flachen, ambossf\u00f6rmigen HS-anodisierten Aluminium-Segelbeschlags mit 4 Montageschrauben und hohlem<\/p>\n","protected":false},"featured_media":5936433,"comment_status":"closed","ping_status":"closed","template":"","meta":[],"product_brand":[3430],"product_cat":[1417],"product_tag":[],"class_list":{"0":"post-3393839","1":"product","2":"type-product","3":"status-publish","4":"has-post-thumbnail","6":"product_brand-sprenger-hs-de","7":"product_cat-deckklampen","9":"first","10":"instock","11":"shipping-taxable","12":"purchasable","13":"product-type-simple"},"_links":{"self":[{"href":"https:\/\/stoic-curie.212-227-153-4.plesk.page\/de\/wp-json\/wp\/v2\/product\/3393839","targetHints":{"allow":["GET"]}}],"collection":[{"href":"https:\/\/stoic-curie.212-227-153-4.plesk.page\/de\/wp-json\/wp\/v2\/product"}],"about":[{"href":"https:\/\/stoic-curie.212-227-153-4.plesk.page\/de\/wp-json\/wp\/v2\/types\/product"}],"replies":[{"embeddable":true,"href":"https:\/\/stoic-curie.212-227-153-4.plesk.page\/de\/wp-json\/wp\/v2\/comments?post=3393839"}],"version-history":[{"count":0,"href":"https:\/\/stoic-curie.212-227-153-4.plesk.page\/de\/wp-json\/wp\/v2\/product\/3393839\/revisions"}],"wp:featuredmedia":[{"embeddable":true,"href":"https:\/\/stoic-curie.212-227-153-4.plesk.page\/de\/wp-json\/wp\/v2\/media\/5936433"}],"wp:attachment":[{"href":"https:\/\/stoic-curie.212-227-153-4.plesk.page\/de\/wp-json\/wp\/v2\/media?parent=3393839"}],"wp:term":[{"taxonomy":"product_brand","embeddable":true,"href":"https:\/\/stoic-curie.212-227-153-4.plesk.page\/de\/wp-json\/wp\/v2\/product_brand?post=3393839"},{"taxonomy":"product_cat","embeddable":true,"href":"https:\/\/stoic-curie.212-227-153-4.plesk.page\/de\/wp-json\/wp\/v2\/product_cat?post=3393839"},{"taxonomy":"product_tag","embeddable":true,"href":"https:\/\/stoic-curie.212-227-153-4.plesk.page\/de\/wp-json\/wp\/v2\/product_tag?post=3393839"}],"curies":[{"name":"wp","href":"https:\/\/api.w.org\/{rel}","templated":true}]}}