{"id":3393984,"date":"2025-10-09T22:33:57","date_gmt":"2025-10-10T02:33:57","guid":{"rendered":"https:\/\/stoic-curie.212-227-153-4.plesk.page\/product\/anlegeschoner-modell-unimer-classic-10-12-mm-tau\/"},"modified":"2026-02-24T23:34:36","modified_gmt":"2026-02-24T23:34:36","slug":"anlegeschoner-modell-unimer-classic-10-12-mm-tau","status":"publish","type":"product","link":"https:\/\/stoic-curie.212-227-153-4.plesk.page\/de\/product\/anlegeschoner-modell-unimer-classic-10-12-mm-tau\/","title":{"rendered":"Anlegeschoner Modell Unimer Classic 10\/12 mm Tau"},"content":{"rendered":"<p>Anlegeschoner Modell Unimer Classic 10\/12 mm Tau &#8211; <\/p>\n<p>Unimer Classic Festmacher-D\u00e4mpfer aus starkem und unzerst\u00f6rbarem EPDM-Gummi, bietet das einfachste und gepolsterte Festmachen, vermeidet Sch\u00e4den an Seilen und Klampen und verl\u00e4ngert die Lebensdauer Ihres Bootes. Die L\u00e4nge der Kompensationsbewegung kann durch die Anzahl der Wicklungen des Seils um den D\u00e4mpfer (nie mehr als 3) variiert werden: mehr Wicklungen, mehr Kompensation.<\/p>\n","protected":false},"excerpt":{"rendered":"<p>Anlegeschoner Modell Unimer Classic 10\/12 mm Tau &#8211; Unimer Classic Festmacher-D\u00e4mpfer aus starkem und unzerst\u00f6rbarem EPDM-Gummi, bietet das einfachste und<\/p>\n","protected":false},"featured_media":5936440,"comment_status":"closed","ping_status":"closed","template":"","meta":[],"product_brand":[3505],"product_cat":[1337],"product_tag":[],"class_list":{"0":"post-3393984","1":"product","2":"type-product","3":"status-publish","4":"has-post-thumbnail","6":"product_brand-unimer-de","7":"product_cat-anlegefendern-stossdaempfer","9":"first","10":"instock","11":"shipping-taxable","12":"purchasable","13":"product-type-simple"},"_links":{"self":[{"href":"https:\/\/stoic-curie.212-227-153-4.plesk.page\/de\/wp-json\/wp\/v2\/product\/3393984","targetHints":{"allow":["GET"]}}],"collection":[{"href":"https:\/\/stoic-curie.212-227-153-4.plesk.page\/de\/wp-json\/wp\/v2\/product"}],"about":[{"href":"https:\/\/stoic-curie.212-227-153-4.plesk.page\/de\/wp-json\/wp\/v2\/types\/product"}],"replies":[{"embeddable":true,"href":"https:\/\/stoic-curie.212-227-153-4.plesk.page\/de\/wp-json\/wp\/v2\/comments?post=3393984"}],"version-history":[{"count":0,"href":"https:\/\/stoic-curie.212-227-153-4.plesk.page\/de\/wp-json\/wp\/v2\/product\/3393984\/revisions"}],"wp:featuredmedia":[{"embeddable":true,"href":"https:\/\/stoic-curie.212-227-153-4.plesk.page\/de\/wp-json\/wp\/v2\/media\/5936440"}],"wp:attachment":[{"href":"https:\/\/stoic-curie.212-227-153-4.plesk.page\/de\/wp-json\/wp\/v2\/media?parent=3393984"}],"wp:term":[{"taxonomy":"product_brand","embeddable":true,"href":"https:\/\/stoic-curie.212-227-153-4.plesk.page\/de\/wp-json\/wp\/v2\/product_brand?post=3393984"},{"taxonomy":"product_cat","embeddable":true,"href":"https:\/\/stoic-curie.212-227-153-4.plesk.page\/de\/wp-json\/wp\/v2\/product_cat?post=3393984"},{"taxonomy":"product_tag","embeddable":true,"href":"https:\/\/stoic-curie.212-227-153-4.plesk.page\/de\/wp-json\/wp\/v2\/product_tag?post=3393984"}],"curies":[{"name":"wp","href":"https:\/\/api.w.org\/{rel}","templated":true}]}}