{"id":3393998,"date":"2025-10-09T22:33:57","date_gmt":"2025-10-10T02:33:57","guid":{"rendered":"https:\/\/stoic-curie.212-227-153-4.plesk.page\/product\/anlegeschoner-modell-unimer-classic-12-16-mm-tau\/"},"modified":"2026-02-24T23:34:36","modified_gmt":"2026-02-24T23:34:36","slug":"anlegeschoner-modell-unimer-classic-12-16-mm-tau","status":"publish","type":"product","link":"https:\/\/stoic-curie.212-227-153-4.plesk.page\/de\/product\/anlegeschoner-modell-unimer-classic-12-16-mm-tau\/","title":{"rendered":"Anlegeschoner Modell Unimer Classic 12\/16 mm Tau"},"content":{"rendered":"<p>Anlegeschoner Modell Unimer Classic 12\/16 mm Tau &#8211; <\/p>\n<p>Der Unimer Classic Festmacher-Snubbers aus robustem und unverw\u00fcstlichem EPDM-Gummi bietet die einfachste und angenehmste Festmachung, verhindert Sch\u00e4den an Seilen und Klampen und verl\u00e4ngert dadurch die Lebensdauer Ihres Bootes. Die L\u00e4nge der Ausgleichsbewegung kann variiert werden, indem die Leine unterschiedlich oft um den Ausgleicher gewickelt wird (nicht mehr als 3 Umdrehungen): mehr Umdrehungen, mehr Ausgleich.<\/p>\n","protected":false},"excerpt":{"rendered":"<p>Anlegeschoner Modell Unimer Classic 12\/16 mm Tau &#8211; Der Unimer Classic Festmacher-Snubbers aus robustem und unverw\u00fcstlichem EPDM-Gummi bietet die einfachste<\/p>\n","protected":false},"featured_media":5936440,"comment_status":"closed","ping_status":"closed","template":"","meta":[],"product_brand":[3505],"product_cat":[1337],"product_tag":[],"class_list":{"0":"post-3393998","1":"product","2":"type-product","3":"status-publish","4":"has-post-thumbnail","6":"product_brand-unimer-de","7":"product_cat-anlegefendern-stossdaempfer","9":"first","10":"instock","11":"shipping-taxable","12":"purchasable","13":"product-type-simple"},"_links":{"self":[{"href":"https:\/\/stoic-curie.212-227-153-4.plesk.page\/de\/wp-json\/wp\/v2\/product\/3393998","targetHints":{"allow":["GET"]}}],"collection":[{"href":"https:\/\/stoic-curie.212-227-153-4.plesk.page\/de\/wp-json\/wp\/v2\/product"}],"about":[{"href":"https:\/\/stoic-curie.212-227-153-4.plesk.page\/de\/wp-json\/wp\/v2\/types\/product"}],"replies":[{"embeddable":true,"href":"https:\/\/stoic-curie.212-227-153-4.plesk.page\/de\/wp-json\/wp\/v2\/comments?post=3393998"}],"version-history":[{"count":0,"href":"https:\/\/stoic-curie.212-227-153-4.plesk.page\/de\/wp-json\/wp\/v2\/product\/3393998\/revisions"}],"wp:featuredmedia":[{"embeddable":true,"href":"https:\/\/stoic-curie.212-227-153-4.plesk.page\/de\/wp-json\/wp\/v2\/media\/5936440"}],"wp:attachment":[{"href":"https:\/\/stoic-curie.212-227-153-4.plesk.page\/de\/wp-json\/wp\/v2\/media?parent=3393998"}],"wp:term":[{"taxonomy":"product_brand","embeddable":true,"href":"https:\/\/stoic-curie.212-227-153-4.plesk.page\/de\/wp-json\/wp\/v2\/product_brand?post=3393998"},{"taxonomy":"product_cat","embeddable":true,"href":"https:\/\/stoic-curie.212-227-153-4.plesk.page\/de\/wp-json\/wp\/v2\/product_cat?post=3393998"},{"taxonomy":"product_tag","embeddable":true,"href":"https:\/\/stoic-curie.212-227-153-4.plesk.page\/de\/wp-json\/wp\/v2\/product_tag?post=3393998"}],"curies":[{"name":"wp","href":"https:\/\/api.w.org\/{rel}","templated":true}]}}