{"id":3394006,"date":"2025-10-09T22:33:58","date_gmt":"2025-10-10T02:33:58","guid":{"rendered":"https:\/\/stoic-curie.212-227-153-4.plesk.page\/product\/anlegeschoner-modell-unimer-classic-14-18-mm-tau\/"},"modified":"2026-02-24T23:34:36","modified_gmt":"2026-02-24T23:34:36","slug":"anlegeschoner-modell-unimer-classic-14-18-mm-tau","status":"publish","type":"product","link":"https:\/\/stoic-curie.212-227-153-4.plesk.page\/de\/product\/anlegeschoner-modell-unimer-classic-14-18-mm-tau\/","title":{"rendered":"Anlegeschoner Modell Unimer Classic 14\/18 mm Tau"},"content":{"rendered":"<p>Anlegeschoner Modell Unimer Classic 14\/18 mm Tau &#8211; <\/p>\n<p>Der Unimer Classic Festmacher-Snubber aus robustem und unverw\u00fcstlichem EPDM-Gummi sorgt f\u00fcr eine einfache und sanfte Festmachung, verhindert Sch\u00e4den an Seilen und Tauwerk und verl\u00e4ngert die Lebensdauer Ihres Bootes. Die L\u00e4nge der kompensierenden Bewegung kann variiert werden, indem die Leine eine unterschiedliche Anzahl von Umdrehungen um den Kompensator gewickelt wird (nie mehr als 3): mehr Umdrehungen, mehr Kompensation.<\/p>\n","protected":false},"excerpt":{"rendered":"<p>Anlegeschoner Modell Unimer Classic 14\/18 mm Tau &#8211; Der Unimer Classic Festmacher-Snubber aus robustem und unverw\u00fcstlichem EPDM-Gummi sorgt f\u00fcr eine<\/p>\n","protected":false},"featured_media":5936440,"comment_status":"closed","ping_status":"closed","template":"","meta":[],"product_brand":[3505],"product_cat":[1337],"product_tag":[],"class_list":{"0":"post-3394006","1":"product","2":"type-product","3":"status-publish","4":"has-post-thumbnail","6":"product_brand-unimer-de","7":"product_cat-anlegefendern-stossdaempfer","9":"first","10":"instock","11":"shipping-taxable","12":"purchasable","13":"product-type-simple"},"_links":{"self":[{"href":"https:\/\/stoic-curie.212-227-153-4.plesk.page\/de\/wp-json\/wp\/v2\/product\/3394006","targetHints":{"allow":["GET"]}}],"collection":[{"href":"https:\/\/stoic-curie.212-227-153-4.plesk.page\/de\/wp-json\/wp\/v2\/product"}],"about":[{"href":"https:\/\/stoic-curie.212-227-153-4.plesk.page\/de\/wp-json\/wp\/v2\/types\/product"}],"replies":[{"embeddable":true,"href":"https:\/\/stoic-curie.212-227-153-4.plesk.page\/de\/wp-json\/wp\/v2\/comments?post=3394006"}],"version-history":[{"count":0,"href":"https:\/\/stoic-curie.212-227-153-4.plesk.page\/de\/wp-json\/wp\/v2\/product\/3394006\/revisions"}],"wp:featuredmedia":[{"embeddable":true,"href":"https:\/\/stoic-curie.212-227-153-4.plesk.page\/de\/wp-json\/wp\/v2\/media\/5936440"}],"wp:attachment":[{"href":"https:\/\/stoic-curie.212-227-153-4.plesk.page\/de\/wp-json\/wp\/v2\/media?parent=3394006"}],"wp:term":[{"taxonomy":"product_brand","embeddable":true,"href":"https:\/\/stoic-curie.212-227-153-4.plesk.page\/de\/wp-json\/wp\/v2\/product_brand?post=3394006"},{"taxonomy":"product_cat","embeddable":true,"href":"https:\/\/stoic-curie.212-227-153-4.plesk.page\/de\/wp-json\/wp\/v2\/product_cat?post=3394006"},{"taxonomy":"product_tag","embeddable":true,"href":"https:\/\/stoic-curie.212-227-153-4.plesk.page\/de\/wp-json\/wp\/v2\/product_tag?post=3394006"}],"curies":[{"name":"wp","href":"https:\/\/api.w.org\/{rel}","templated":true}]}}