{"id":3394065,"date":"2025-10-09T22:34:00","date_gmt":"2025-10-10T02:34:00","guid":{"rendered":"https:\/\/stoic-curie.212-227-153-4.plesk.page\/product\/klappoese-8x68x50mm-edelstahl\/"},"modified":"2026-02-24T23:34:36","modified_gmt":"2026-02-24T23:34:36","slug":"klappoese-8x68x50mm-edelstahl","status":"publish","type":"product","link":"https:\/\/stoic-curie.212-227-153-4.plesk.page\/de\/product\/klappoese-8x68x50mm-edelstahl\/","title":{"rendered":"Klapp\u00f6se 8x68x50mm Edelstahl"},"content":{"rendered":"<p>Klapp\u00f6se 8x68x50mm Edelstahl &#8211; Ringaugenplatte aus rostfreiem Stahl mit Unterplatte und drei L\u00f6chern. Marine Deckbeschl\u00e4ge f\u00fcr Boote und Segelboote.<\/p>\n","protected":false},"excerpt":{"rendered":"<p>Klapp\u00f6se 8x68x50mm Edelstahl &#8211; Ringaugenplatte aus rostfreiem Stahl mit Unterplatte und drei L\u00f6chern. Marine Deckbeschl\u00e4ge f\u00fcr Boote und Segelboote.<\/p>\n","protected":false},"featured_media":5936451,"comment_status":"closed","ping_status":"closed","template":"","meta":[],"product_brand":[3120],"product_cat":[1395,1478],"product_tag":[],"class_list":{"0":"post-3394065","1":"product","2":"type-product","3":"status-publish","4":"has-post-thumbnail","6":"product_brand-marinetech-de","7":"product_cat-deckbeschlaege","8":"product_cat-segelbootbeschlaege","10":"first","11":"instock","12":"shipping-taxable","13":"purchasable","14":"product-type-simple"},"_links":{"self":[{"href":"https:\/\/stoic-curie.212-227-153-4.plesk.page\/de\/wp-json\/wp\/v2\/product\/3394065","targetHints":{"allow":["GET"]}}],"collection":[{"href":"https:\/\/stoic-curie.212-227-153-4.plesk.page\/de\/wp-json\/wp\/v2\/product"}],"about":[{"href":"https:\/\/stoic-curie.212-227-153-4.plesk.page\/de\/wp-json\/wp\/v2\/types\/product"}],"replies":[{"embeddable":true,"href":"https:\/\/stoic-curie.212-227-153-4.plesk.page\/de\/wp-json\/wp\/v2\/comments?post=3394065"}],"version-history":[{"count":0,"href":"https:\/\/stoic-curie.212-227-153-4.plesk.page\/de\/wp-json\/wp\/v2\/product\/3394065\/revisions"}],"wp:featuredmedia":[{"embeddable":true,"href":"https:\/\/stoic-curie.212-227-153-4.plesk.page\/de\/wp-json\/wp\/v2\/media\/5936451"}],"wp:attachment":[{"href":"https:\/\/stoic-curie.212-227-153-4.plesk.page\/de\/wp-json\/wp\/v2\/media?parent=3394065"}],"wp:term":[{"taxonomy":"product_brand","embeddable":true,"href":"https:\/\/stoic-curie.212-227-153-4.plesk.page\/de\/wp-json\/wp\/v2\/product_brand?post=3394065"},{"taxonomy":"product_cat","embeddable":true,"href":"https:\/\/stoic-curie.212-227-153-4.plesk.page\/de\/wp-json\/wp\/v2\/product_cat?post=3394065"},{"taxonomy":"product_tag","embeddable":true,"href":"https:\/\/stoic-curie.212-227-153-4.plesk.page\/de\/wp-json\/wp\/v2\/product_tag?post=3394065"}],"curies":[{"name":"wp","href":"https:\/\/api.w.org\/{rel}","templated":true}]}}