{"id":3394514,"date":"2025-10-09T22:34:16","date_gmt":"2025-10-10T02:34:16","guid":{"rendered":"https:\/\/stoic-curie.212-227-153-4.plesk.page\/product\/handlaeufe-schnell-1classic-d22-500mm-edelstahl\/"},"modified":"2026-02-24T23:34:36","modified_gmt":"2026-02-24T23:34:36","slug":"handlaeufe-schnell-1classic-d22-500mm-edelstahl","status":"publish","type":"product","link":"https:\/\/stoic-curie.212-227-153-4.plesk.page\/de\/product\/handlaeufe-schnell-1classic-d22-500mm-edelstahl\/","title":{"rendered":"Handl\u00e4ufe Schnell 1Classic D22 500mm Edelstahl"},"content":{"rendered":"<p>Handl\u00e4ufe Schnell 1Classic D22 500mm Edelstahl &#8211; <\/p>\n<p>Klassisches Handlauf aus Edelstahl mit gebohrten Basen f\u00fcr eine einfache Oberfl\u00e4chenmontage.<\/p>\n","protected":false},"excerpt":{"rendered":"<p>Handl\u00e4ufe Schnell 1Classic D22 500mm Edelstahl &#8211; Klassisches Handlauf aus Edelstahl mit gebohrten Basen f\u00fcr eine einfache Oberfl\u00e4chenmontage.<\/p>\n","protected":false},"featured_media":5936495,"comment_status":"closed","ping_status":"closed","template":"","meta":[],"product_brand":[3120],"product_cat":[1420],"product_tag":[],"class_list":{"0":"post-3394514","1":"product","2":"type-product","3":"status-publish","4":"has-post-thumbnail","6":"product_brand-marinetech-de","7":"product_cat-handlaeufe","9":"first","10":"instock","11":"shipping-taxable","12":"purchasable","13":"product-type-simple"},"_links":{"self":[{"href":"https:\/\/stoic-curie.212-227-153-4.plesk.page\/de\/wp-json\/wp\/v2\/product\/3394514","targetHints":{"allow":["GET"]}}],"collection":[{"href":"https:\/\/stoic-curie.212-227-153-4.plesk.page\/de\/wp-json\/wp\/v2\/product"}],"about":[{"href":"https:\/\/stoic-curie.212-227-153-4.plesk.page\/de\/wp-json\/wp\/v2\/types\/product"}],"replies":[{"embeddable":true,"href":"https:\/\/stoic-curie.212-227-153-4.plesk.page\/de\/wp-json\/wp\/v2\/comments?post=3394514"}],"version-history":[{"count":0,"href":"https:\/\/stoic-curie.212-227-153-4.plesk.page\/de\/wp-json\/wp\/v2\/product\/3394514\/revisions"}],"wp:featuredmedia":[{"embeddable":true,"href":"https:\/\/stoic-curie.212-227-153-4.plesk.page\/de\/wp-json\/wp\/v2\/media\/5936495"}],"wp:attachment":[{"href":"https:\/\/stoic-curie.212-227-153-4.plesk.page\/de\/wp-json\/wp\/v2\/media?parent=3394514"}],"wp:term":[{"taxonomy":"product_brand","embeddable":true,"href":"https:\/\/stoic-curie.212-227-153-4.plesk.page\/de\/wp-json\/wp\/v2\/product_brand?post=3394514"},{"taxonomy":"product_cat","embeddable":true,"href":"https:\/\/stoic-curie.212-227-153-4.plesk.page\/de\/wp-json\/wp\/v2\/product_cat?post=3394514"},{"taxonomy":"product_tag","embeddable":true,"href":"https:\/\/stoic-curie.212-227-153-4.plesk.page\/de\/wp-json\/wp\/v2\/product_tag?post=3394514"}],"curies":[{"name":"wp","href":"https:\/\/api.w.org\/{rel}","templated":true}]}}