{"id":3394682,"date":"2025-10-09T22:34:23","date_gmt":"2025-10-10T02:34:23","guid":{"rendered":"https:\/\/stoic-curie.212-227-153-4.plesk.page\/product\/bilgengeblaese-attwood-fuer-maschinenraeume-12v-d100\/"},"modified":"2026-02-24T23:34:36","modified_gmt":"2026-02-24T23:34:36","slug":"bilgengeblaese-attwood-fuer-maschinenraeume-12v-d100","status":"publish","type":"product","link":"https:\/\/stoic-curie.212-227-153-4.plesk.page\/de\/product\/bilgengeblaese-attwood-fuer-maschinenraeume-12v-d100\/","title":{"rendered":"Bilgengebl\u00e4se Attwood f\u00fcr Maschinenr\u00e4ume 12V D100"},"content":{"rendered":"<p>Bilgengebl\u00e4se Attwood f\u00fcr Maschinenr\u00e4ume 12V D100 &#8211; <\/p>\n<p>Turbo Inline-Bilgegebl\u00e4se f\u00fcr Maschinenr\u00e4ume, K\u00fcchen und Kabinen. Stromverbrauch 2,9A (12V).<\/p>\n","protected":false},"excerpt":{"rendered":"<p>Bilgengebl\u00e4se Attwood f\u00fcr Maschinenr\u00e4ume 12V D100 &#8211; Turbo Inline-Bilgegebl\u00e4se f\u00fcr Maschinenr\u00e4ume, K\u00fcchen und Kabinen. Stromverbrauch 2,9A (12V).<\/p>\n","protected":false},"featured_media":5936543,"comment_status":"closed","ping_status":"closed","template":"","meta":[],"product_brand":[2805],"product_cat":[1445,1539],"product_tag":[],"class_list":{"0":"post-3394682","1":"product","2":"type-product","3":"status-publish","4":"has-post-thumbnail","6":"product_brand-attwood-de","7":"product_cat-bilgengeblaese","8":"product_cat-motorlueftungssysteme","10":"first","11":"instock","12":"shipping-taxable","13":"purchasable","14":"product-type-simple"},"_links":{"self":[{"href":"https:\/\/stoic-curie.212-227-153-4.plesk.page\/de\/wp-json\/wp\/v2\/product\/3394682","targetHints":{"allow":["GET"]}}],"collection":[{"href":"https:\/\/stoic-curie.212-227-153-4.plesk.page\/de\/wp-json\/wp\/v2\/product"}],"about":[{"href":"https:\/\/stoic-curie.212-227-153-4.plesk.page\/de\/wp-json\/wp\/v2\/types\/product"}],"replies":[{"embeddable":true,"href":"https:\/\/stoic-curie.212-227-153-4.plesk.page\/de\/wp-json\/wp\/v2\/comments?post=3394682"}],"version-history":[{"count":0,"href":"https:\/\/stoic-curie.212-227-153-4.plesk.page\/de\/wp-json\/wp\/v2\/product\/3394682\/revisions"}],"wp:featuredmedia":[{"embeddable":true,"href":"https:\/\/stoic-curie.212-227-153-4.plesk.page\/de\/wp-json\/wp\/v2\/media\/5936543"}],"wp:attachment":[{"href":"https:\/\/stoic-curie.212-227-153-4.plesk.page\/de\/wp-json\/wp\/v2\/media?parent=3394682"}],"wp:term":[{"taxonomy":"product_brand","embeddable":true,"href":"https:\/\/stoic-curie.212-227-153-4.plesk.page\/de\/wp-json\/wp\/v2\/product_brand?post=3394682"},{"taxonomy":"product_cat","embeddable":true,"href":"https:\/\/stoic-curie.212-227-153-4.plesk.page\/de\/wp-json\/wp\/v2\/product_cat?post=3394682"},{"taxonomy":"product_tag","embeddable":true,"href":"https:\/\/stoic-curie.212-227-153-4.plesk.page\/de\/wp-json\/wp\/v2\/product_tag?post=3394682"}],"curies":[{"name":"wp","href":"https:\/\/api.w.org\/{rel}","templated":true}]}}