{"id":3394798,"date":"2025-10-09T22:34:28","date_gmt":"2025-10-10T02:34:28","guid":{"rendered":"https:\/\/stoic-curie.212-227-153-4.plesk.page\/product\/dhr-gluehbirnen-fuer-navigationslichter-bay15-12v-25w\/"},"modified":"2026-02-24T23:34:37","modified_gmt":"2026-02-24T23:34:37","slug":"dhr-gluehbirnen-fuer-navigationslichter-bay15-12v-25w","status":"publish","type":"product","link":"https:\/\/stoic-curie.212-227-153-4.plesk.page\/de\/product\/dhr-gluehbirnen-fuer-navigationslichter-bay15-12v-25w\/","title":{"rendered":"DHR Gl\u00fchbirnen f\u00fcr Navigationslichter BAY15 12V 25W"},"content":{"rendered":"<p>DHR Gl\u00fchbirnen f\u00fcr Navigationslichter BAY15 12V 25W &#8211; <\/p>\n<p>DHR-Navigationslichter f\u00fcr Boote bis zu 50 Meter. Wasserdicht, nicht-magnetisch, mit aufgeladenem Polycarbonat-Geh\u00e4use und sto\u00dffesten Fresnel-Linsen. Muss mit BAY15D-Birne vervollst\u00e4ndigt werden. Bureau Veritas MED 2014\/90\/EU zertifiziert und entspricht den COLREG\/IMO\/EN\/IEC Standards.<\/p>\n","protected":false},"excerpt":{"rendered":"<p>DHR Gl\u00fchbirnen f\u00fcr Navigationslichter BAY15 12V 25W &#8211; DHR-Navigationslichter f\u00fcr Boote bis zu 50 Meter. Wasserdicht, nicht-magnetisch, mit aufgeladenem Polycarbonat-Geh\u00e4use<\/p>\n","protected":false},"featured_media":5936582,"comment_status":"closed","ping_status":"closed","template":"","meta":[],"product_brand":[2880],"product_cat":[1454],"product_tag":[],"class_list":{"0":"post-3394798","1":"product","2":"type-product","3":"status-publish","4":"has-post-thumbnail","6":"product_brand-dhr-de","7":"product_cat-navigationlichter","9":"first","10":"outofstock","11":"shipping-taxable","12":"purchasable","13":"product-type-simple"},"_links":{"self":[{"href":"https:\/\/stoic-curie.212-227-153-4.plesk.page\/de\/wp-json\/wp\/v2\/product\/3394798","targetHints":{"allow":["GET"]}}],"collection":[{"href":"https:\/\/stoic-curie.212-227-153-4.plesk.page\/de\/wp-json\/wp\/v2\/product"}],"about":[{"href":"https:\/\/stoic-curie.212-227-153-4.plesk.page\/de\/wp-json\/wp\/v2\/types\/product"}],"replies":[{"embeddable":true,"href":"https:\/\/stoic-curie.212-227-153-4.plesk.page\/de\/wp-json\/wp\/v2\/comments?post=3394798"}],"version-history":[{"count":0,"href":"https:\/\/stoic-curie.212-227-153-4.plesk.page\/de\/wp-json\/wp\/v2\/product\/3394798\/revisions"}],"wp:featuredmedia":[{"embeddable":true,"href":"https:\/\/stoic-curie.212-227-153-4.plesk.page\/de\/wp-json\/wp\/v2\/media\/5936582"}],"wp:attachment":[{"href":"https:\/\/stoic-curie.212-227-153-4.plesk.page\/de\/wp-json\/wp\/v2\/media?parent=3394798"}],"wp:term":[{"taxonomy":"product_brand","embeddable":true,"href":"https:\/\/stoic-curie.212-227-153-4.plesk.page\/de\/wp-json\/wp\/v2\/product_brand?post=3394798"},{"taxonomy":"product_cat","embeddable":true,"href":"https:\/\/stoic-curie.212-227-153-4.plesk.page\/de\/wp-json\/wp\/v2\/product_cat?post=3394798"},{"taxonomy":"product_tag","embeddable":true,"href":"https:\/\/stoic-curie.212-227-153-4.plesk.page\/de\/wp-json\/wp\/v2\/product_tag?post=3394798"}],"curies":[{"name":"wp","href":"https:\/\/api.w.org\/{rel}","templated":true}]}}