{"id":3394876,"date":"2025-10-09T22:34:31","date_gmt":"2025-10-10T02:34:31","guid":{"rendered":"https:\/\/stoic-curie.212-227-153-4.plesk.page\/product\/anlegeschoner-modell-unimer-wave-10-12-mm-tau\/"},"modified":"2026-02-24T23:34:37","modified_gmt":"2026-02-24T23:34:37","slug":"anlegeschoner-modell-unimer-wave-10-12-mm-tau","status":"publish","type":"product","link":"https:\/\/stoic-curie.212-227-153-4.plesk.page\/de\/product\/anlegeschoner-modell-unimer-wave-10-12-mm-tau\/","title":{"rendered":"Anlegeschoner Modell Unimer Wave 10\/12 mm Tau"},"content":{"rendered":"<p>Anlegeschoner Modell Unimer Wave 10\/12 mm Tau &#8211; <\/p>\n<p>Schwedischer Moulded Mooring Snubber aus EPDM-Gummi mit 6 Seil\u00f6ffnungen. Die 6 \u00d6ffnungen an beiden Enden erm\u00f6glichen eine einfache Befestigung, sichere und gepolsterte Bojen, um Sch\u00e4den an Seilen und Klampen zu vermeiden und die Lebensdauer Ihres Bootes zu verl\u00e4ngern. Erh\u00e4ltlich in 3 Gr\u00f6\u00dfen, passend f\u00fcr Leinen mit einem Durchmesser von 10 bis 18 mm.<\/p>\n","protected":false},"excerpt":{"rendered":"<p>Anlegeschoner Modell Unimer Wave 10\/12 mm Tau &#8211; Schwedischer Moulded Mooring Snubber aus EPDM-Gummi mit 6 Seil\u00f6ffnungen. Die 6 \u00d6ffnungen<\/p>\n","protected":false},"featured_media":5936596,"comment_status":"closed","ping_status":"closed","template":"","meta":[],"product_brand":[3505],"product_cat":[1337],"product_tag":[],"class_list":{"0":"post-3394876","1":"product","2":"type-product","3":"status-publish","4":"has-post-thumbnail","6":"product_brand-unimer-de","7":"product_cat-anlegefendern-stossdaempfer","9":"first","10":"instock","11":"shipping-taxable","12":"purchasable","13":"product-type-simple"},"_links":{"self":[{"href":"https:\/\/stoic-curie.212-227-153-4.plesk.page\/de\/wp-json\/wp\/v2\/product\/3394876","targetHints":{"allow":["GET"]}}],"collection":[{"href":"https:\/\/stoic-curie.212-227-153-4.plesk.page\/de\/wp-json\/wp\/v2\/product"}],"about":[{"href":"https:\/\/stoic-curie.212-227-153-4.plesk.page\/de\/wp-json\/wp\/v2\/types\/product"}],"replies":[{"embeddable":true,"href":"https:\/\/stoic-curie.212-227-153-4.plesk.page\/de\/wp-json\/wp\/v2\/comments?post=3394876"}],"version-history":[{"count":0,"href":"https:\/\/stoic-curie.212-227-153-4.plesk.page\/de\/wp-json\/wp\/v2\/product\/3394876\/revisions"}],"wp:featuredmedia":[{"embeddable":true,"href":"https:\/\/stoic-curie.212-227-153-4.plesk.page\/de\/wp-json\/wp\/v2\/media\/5936596"}],"wp:attachment":[{"href":"https:\/\/stoic-curie.212-227-153-4.plesk.page\/de\/wp-json\/wp\/v2\/media?parent=3394876"}],"wp:term":[{"taxonomy":"product_brand","embeddable":true,"href":"https:\/\/stoic-curie.212-227-153-4.plesk.page\/de\/wp-json\/wp\/v2\/product_brand?post=3394876"},{"taxonomy":"product_cat","embeddable":true,"href":"https:\/\/stoic-curie.212-227-153-4.plesk.page\/de\/wp-json\/wp\/v2\/product_cat?post=3394876"},{"taxonomy":"product_tag","embeddable":true,"href":"https:\/\/stoic-curie.212-227-153-4.plesk.page\/de\/wp-json\/wp\/v2\/product_tag?post=3394876"}],"curies":[{"name":"wp","href":"https:\/\/api.w.org\/{rel}","templated":true}]}}