{"id":3394896,"date":"2025-10-09T22:34:31","date_gmt":"2025-10-10T02:34:31","guid":{"rendered":"https:\/\/stoic-curie.212-227-153-4.plesk.page\/product\/anlegeschoner-modell-unimer-wave-12-16-mm-tau\/"},"modified":"2026-02-24T23:34:37","modified_gmt":"2026-02-24T23:34:37","slug":"anlegeschoner-modell-unimer-wave-12-16-mm-tau","status":"publish","type":"product","link":"https:\/\/stoic-curie.212-227-153-4.plesk.page\/de\/product\/anlegeschoner-modell-unimer-wave-12-16-mm-tau\/","title":{"rendered":"Anlegeschoner Modell Unimer Wave 12\/16 mm Tau"},"content":{"rendered":"<p>Anlegeschoner Modell Unimer Wave 12\/16 mm Tau &#8211; <\/p>\n<p>Schwedischer, geformter Mooring-Snubber aus EPDM-Gummi mit 6 Seil\u00f6ffnungen. Die 6 L\u00f6cher f\u00fcr die Leine und die Durchg\u00e4nge an jedem Ende erm\u00f6glichen die einfachste Aufh\u00e4ngung, sichern und d\u00e4mpfen das Festmachen, verhindern Sch\u00e4den an Seilen und Klampen und verl\u00e4ngern die Lebensdauer Ihres Bootes. Erh\u00e4ltlich in 3 Gr\u00f6\u00dfen, geeignet f\u00fcr Leinen mit einem Durchmesser von 10 bis 18 mm.<\/p>\n","protected":false},"excerpt":{"rendered":"<p>Anlegeschoner Modell Unimer Wave 12\/16 mm Tau &#8211; Schwedischer, geformter Mooring-Snubber aus EPDM-Gummi mit 6 Seil\u00f6ffnungen. Die 6 L\u00f6cher f\u00fcr<\/p>\n","protected":false},"featured_media":5936596,"comment_status":"closed","ping_status":"closed","template":"","meta":[],"product_brand":[3505],"product_cat":[1337],"product_tag":[],"class_list":{"0":"post-3394896","1":"product","2":"type-product","3":"status-publish","4":"has-post-thumbnail","6":"product_brand-unimer-de","7":"product_cat-anlegefendern-stossdaempfer","9":"first","10":"instock","11":"shipping-taxable","12":"purchasable","13":"product-type-simple"},"_links":{"self":[{"href":"https:\/\/stoic-curie.212-227-153-4.plesk.page\/de\/wp-json\/wp\/v2\/product\/3394896","targetHints":{"allow":["GET"]}}],"collection":[{"href":"https:\/\/stoic-curie.212-227-153-4.plesk.page\/de\/wp-json\/wp\/v2\/product"}],"about":[{"href":"https:\/\/stoic-curie.212-227-153-4.plesk.page\/de\/wp-json\/wp\/v2\/types\/product"}],"replies":[{"embeddable":true,"href":"https:\/\/stoic-curie.212-227-153-4.plesk.page\/de\/wp-json\/wp\/v2\/comments?post=3394896"}],"version-history":[{"count":0,"href":"https:\/\/stoic-curie.212-227-153-4.plesk.page\/de\/wp-json\/wp\/v2\/product\/3394896\/revisions"}],"wp:featuredmedia":[{"embeddable":true,"href":"https:\/\/stoic-curie.212-227-153-4.plesk.page\/de\/wp-json\/wp\/v2\/media\/5936596"}],"wp:attachment":[{"href":"https:\/\/stoic-curie.212-227-153-4.plesk.page\/de\/wp-json\/wp\/v2\/media?parent=3394896"}],"wp:term":[{"taxonomy":"product_brand","embeddable":true,"href":"https:\/\/stoic-curie.212-227-153-4.plesk.page\/de\/wp-json\/wp\/v2\/product_brand?post=3394896"},{"taxonomy":"product_cat","embeddable":true,"href":"https:\/\/stoic-curie.212-227-153-4.plesk.page\/de\/wp-json\/wp\/v2\/product_cat?post=3394896"},{"taxonomy":"product_tag","embeddable":true,"href":"https:\/\/stoic-curie.212-227-153-4.plesk.page\/de\/wp-json\/wp\/v2\/product_tag?post=3394896"}],"curies":[{"name":"wp","href":"https:\/\/api.w.org\/{rel}","templated":true}]}}