{"id":3394920,"date":"2025-10-09T22:34:32","date_gmt":"2025-10-10T02:34:32","guid":{"rendered":"https:\/\/stoic-curie.212-227-153-4.plesk.page\/product\/southco-papageien-schnappverschluss-70x50mm\/"},"modified":"2026-02-24T23:34:37","modified_gmt":"2026-02-24T23:34:37","slug":"southco-papageien-schnappverschluss-70x50mm","status":"publish","type":"product","link":"https:\/\/stoic-curie.212-227-153-4.plesk.page\/de\/product\/southco-papageien-schnappverschluss-70x50mm\/","title":{"rendered":"Southco Papageien-Schnappverschluss 70x50mm"},"content":{"rendered":"<p>Southco Papageien-Schnappverschluss 70x50mm &#8211; <\/p>\n<p>Versteckte oder teilweise versteckte Southco Parrot verriegelung. D\u00e4mpfungsplatte beseitigt das laute Ger\u00e4usch einer zuschlagenden Klappe. Einstellbarer Schlie\u00dfmechanismus sorgt daf\u00fcr, dass die Verriegelung immer richtig ausgerichtet ist. Verst\u00e4rkter Kunststoffk\u00f6rper.<\/p>\n","protected":false},"excerpt":{"rendered":"<p>Southco Papageien-Schnappverschluss 70x50mm &#8211; Versteckte oder teilweise versteckte Southco Parrot verriegelung. D\u00e4mpfungsplatte beseitigt das laute Ger\u00e4usch einer zuschlagenden Klappe. Einstellbarer<\/p>\n","protected":false},"featured_media":5936602,"comment_status":"closed","ping_status":"closed","template":"","meta":[],"product_brand":[3415],"product_cat":[1400,1423],"product_tag":[],"class_list":{"0":"post-3394920","1":"product","2":"type-product","3":"status-publish","4":"has-post-thumbnail","6":"product_brand-southco-mobella-de","7":"product_cat-bootsverschluesse","8":"product_cat-kabinenbeschlaege","10":"first","11":"instock","12":"shipping-taxable","13":"purchasable","14":"product-type-simple"},"_links":{"self":[{"href":"https:\/\/stoic-curie.212-227-153-4.plesk.page\/de\/wp-json\/wp\/v2\/product\/3394920","targetHints":{"allow":["GET"]}}],"collection":[{"href":"https:\/\/stoic-curie.212-227-153-4.plesk.page\/de\/wp-json\/wp\/v2\/product"}],"about":[{"href":"https:\/\/stoic-curie.212-227-153-4.plesk.page\/de\/wp-json\/wp\/v2\/types\/product"}],"replies":[{"embeddable":true,"href":"https:\/\/stoic-curie.212-227-153-4.plesk.page\/de\/wp-json\/wp\/v2\/comments?post=3394920"}],"version-history":[{"count":0,"href":"https:\/\/stoic-curie.212-227-153-4.plesk.page\/de\/wp-json\/wp\/v2\/product\/3394920\/revisions"}],"wp:featuredmedia":[{"embeddable":true,"href":"https:\/\/stoic-curie.212-227-153-4.plesk.page\/de\/wp-json\/wp\/v2\/media\/5936602"}],"wp:attachment":[{"href":"https:\/\/stoic-curie.212-227-153-4.plesk.page\/de\/wp-json\/wp\/v2\/media?parent=3394920"}],"wp:term":[{"taxonomy":"product_brand","embeddable":true,"href":"https:\/\/stoic-curie.212-227-153-4.plesk.page\/de\/wp-json\/wp\/v2\/product_brand?post=3394920"},{"taxonomy":"product_cat","embeddable":true,"href":"https:\/\/stoic-curie.212-227-153-4.plesk.page\/de\/wp-json\/wp\/v2\/product_cat?post=3394920"},{"taxonomy":"product_tag","embeddable":true,"href":"https:\/\/stoic-curie.212-227-153-4.plesk.page\/de\/wp-json\/wp\/v2\/product_tag?post=3394920"}],"curies":[{"name":"wp","href":"https:\/\/api.w.org\/{rel}","templated":true}]}}