{"id":3394928,"date":"2025-10-09T22:34:32","date_gmt":"2025-10-10T02:34:32","guid":{"rendered":"https:\/\/stoic-curie.212-227-153-4.plesk.page\/product\/rollo-fuer-luken-360x400mm\/"},"modified":"2026-02-24T23:34:37","modified_gmt":"2026-02-24T23:34:37","slug":"rollo-fuer-luken-360x400mm","status":"publish","type":"product","link":"https:\/\/stoic-curie.212-227-153-4.plesk.page\/de\/product\/rollo-fuer-luken-360x400mm\/","title":{"rendered":"Rollo f\u00fcr Luken 360X400mm"},"content":{"rendered":"<p>Rollo f\u00fcr Luken 360X400mm &#8211; <\/p>\n<p>Sonnenuntergang Sichtschutzvorh\u00e4nge mit einem wei\u00df lackierten Edelstahlrahmen und Edelstahlfedern. Silberne, pulverbeschichtete Polyester-Leinwand, um Sonnenstrahlen zu reflektieren. EINFACH an Luken und Portlights zu montieren.<\/p>\n","protected":false},"excerpt":{"rendered":"<p>Rollo f\u00fcr Luken 360X400mm &#8211; Sonnenuntergang Sichtschutzvorh\u00e4nge mit einem wei\u00df lackierten Edelstahlrahmen und Edelstahlfedern. Silberne, pulverbeschichtete Polyester-Leinwand, um Sonnenstrahlen zu<\/p>\n","protected":false},"featured_media":5936608,"comment_status":"closed","ping_status":"closed","template":"","meta":[],"product_brand":[3165],"product_cat":[1415],"product_tag":[],"class_list":{"0":"post-3394928","1":"product","2":"type-product","3":"status-publish","4":"has-post-thumbnail","6":"product_brand-nautica-f4-de","7":"product_cat-bootsluken","9":"first","10":"instock","11":"shipping-taxable","12":"purchasable","13":"product-type-simple"},"_links":{"self":[{"href":"https:\/\/stoic-curie.212-227-153-4.plesk.page\/de\/wp-json\/wp\/v2\/product\/3394928","targetHints":{"allow":["GET"]}}],"collection":[{"href":"https:\/\/stoic-curie.212-227-153-4.plesk.page\/de\/wp-json\/wp\/v2\/product"}],"about":[{"href":"https:\/\/stoic-curie.212-227-153-4.plesk.page\/de\/wp-json\/wp\/v2\/types\/product"}],"replies":[{"embeddable":true,"href":"https:\/\/stoic-curie.212-227-153-4.plesk.page\/de\/wp-json\/wp\/v2\/comments?post=3394928"}],"version-history":[{"count":0,"href":"https:\/\/stoic-curie.212-227-153-4.plesk.page\/de\/wp-json\/wp\/v2\/product\/3394928\/revisions"}],"wp:featuredmedia":[{"embeddable":true,"href":"https:\/\/stoic-curie.212-227-153-4.plesk.page\/de\/wp-json\/wp\/v2\/media\/5936608"}],"wp:attachment":[{"href":"https:\/\/stoic-curie.212-227-153-4.plesk.page\/de\/wp-json\/wp\/v2\/media?parent=3394928"}],"wp:term":[{"taxonomy":"product_brand","embeddable":true,"href":"https:\/\/stoic-curie.212-227-153-4.plesk.page\/de\/wp-json\/wp\/v2\/product_brand?post=3394928"},{"taxonomy":"product_cat","embeddable":true,"href":"https:\/\/stoic-curie.212-227-153-4.plesk.page\/de\/wp-json\/wp\/v2\/product_cat?post=3394928"},{"taxonomy":"product_tag","embeddable":true,"href":"https:\/\/stoic-curie.212-227-153-4.plesk.page\/de\/wp-json\/wp\/v2\/product_tag?post=3394928"}],"curies":[{"name":"wp","href":"https:\/\/api.w.org\/{rel}","templated":true}]}}