{"id":3395094,"date":"2025-10-09T22:34:39","date_gmt":"2025-10-10T02:34:39","guid":{"rendered":"https:\/\/stoic-curie.212-227-153-4.plesk.page\/product\/maxi-oelabsorbierer-fuer-bilgen-10-x-50cm-star-brite\/"},"modified":"2026-02-24T23:34:37","modified_gmt":"2026-02-24T23:34:37","slug":"maxi-oelabsorbierer-fuer-bilgen-10-x-50cm-star-brite","status":"publish","type":"product","link":"https:\/\/stoic-curie.212-227-153-4.plesk.page\/de\/product\/maxi-oelabsorbierer-fuer-bilgen-10-x-50cm-star-brite\/","title":{"rendered":"Maxi-\u00d6labsorbierer f\u00fcr Bilgen 10 x 50cm Star Brite"},"content":{"rendered":"<p>Maxi-\u00d6labsorbierer f\u00fcr Bilgen 10 x 50cm Star Brite &#8211; <\/p>\n<p>Spezielles Material-Bilgeabsorber, der ausschlie\u00dflich \u00d6l und Kohlenwasserstoffe absorbiert, jedoch kein Wasser. Die Absorptionskapazit\u00e4t betr\u00e4gt bis zu 2 Liter.<\/p>\n","protected":false},"excerpt":{"rendered":"<p>Maxi-\u00d6labsorbierer f\u00fcr Bilgen 10 x 50cm Star Brite &#8211; Spezielles Material-Bilgeabsorber, der ausschlie\u00dflich \u00d6l und Kohlenwasserstoffe absorbiert, jedoch kein Wasser.<\/p>\n","protected":false},"featured_media":5936696,"comment_status":"closed","ping_status":"closed","template":"","meta":[],"product_brand":[3435],"product_cat":[1343,1344],"product_tag":[],"class_list":{"0":"post-3395094","1":"product","2":"type-product","3":"status-publish","4":"has-post-thumbnail","6":"product_brand-starbrite-de","7":"product_cat-oel-und-kraftstoffabsorber","8":"product_cat-werkzeuge-fuer-die-reinigung","10":"first","11":"instock","12":"shipping-taxable","13":"purchasable","14":"product-type-simple"},"_links":{"self":[{"href":"https:\/\/stoic-curie.212-227-153-4.plesk.page\/de\/wp-json\/wp\/v2\/product\/3395094","targetHints":{"allow":["GET"]}}],"collection":[{"href":"https:\/\/stoic-curie.212-227-153-4.plesk.page\/de\/wp-json\/wp\/v2\/product"}],"about":[{"href":"https:\/\/stoic-curie.212-227-153-4.plesk.page\/de\/wp-json\/wp\/v2\/types\/product"}],"replies":[{"embeddable":true,"href":"https:\/\/stoic-curie.212-227-153-4.plesk.page\/de\/wp-json\/wp\/v2\/comments?post=3395094"}],"version-history":[{"count":0,"href":"https:\/\/stoic-curie.212-227-153-4.plesk.page\/de\/wp-json\/wp\/v2\/product\/3395094\/revisions"}],"wp:featuredmedia":[{"embeddable":true,"href":"https:\/\/stoic-curie.212-227-153-4.plesk.page\/de\/wp-json\/wp\/v2\/media\/5936696"}],"wp:attachment":[{"href":"https:\/\/stoic-curie.212-227-153-4.plesk.page\/de\/wp-json\/wp\/v2\/media?parent=3395094"}],"wp:term":[{"taxonomy":"product_brand","embeddable":true,"href":"https:\/\/stoic-curie.212-227-153-4.plesk.page\/de\/wp-json\/wp\/v2\/product_brand?post=3395094"},{"taxonomy":"product_cat","embeddable":true,"href":"https:\/\/stoic-curie.212-227-153-4.plesk.page\/de\/wp-json\/wp\/v2\/product_cat?post=3395094"},{"taxonomy":"product_tag","embeddable":true,"href":"https:\/\/stoic-curie.212-227-153-4.plesk.page\/de\/wp-json\/wp\/v2\/product_tag?post=3395094"}],"curies":[{"name":"wp","href":"https:\/\/api.w.org\/{rel}","templated":true}]}}