{"id":3395164,"date":"2025-10-09T22:34:41","date_gmt":"2025-10-10T02:34:41","guid":{"rendered":"https:\/\/stoic-curie.212-227-153-4.plesk.page\/product\/johnson-25-38-rueckschlagventil\/"},"modified":"2026-02-24T23:34:37","modified_gmt":"2026-02-24T23:34:37","slug":"johnson-25-38-rueckschlagventil","status":"publish","type":"product","link":"https:\/\/stoic-curie.212-227-153-4.plesk.page\/de\/product\/johnson-25-38-rueckschlagventil\/","title":{"rendered":"JOHNSON 25\/38 R\u00fcckschlagventil"},"content":{"rendered":"<p>JOHNSON 25\/38 R\u00fcckschlagventil &#8211; <\/p>\n<p>Johnson Kunststoff-R\u00fcckschlagventil. Es sorgt f\u00fcr eine zuverl\u00e4ssige Prim\u00e4rf\u00fcllung in Saugrohren. Einfaches In-Line-Montage, Wartung und Reinigung ohne Werkzeug.<\/p>\n","protected":false},"excerpt":{"rendered":"<p>JOHNSON 25\/38 R\u00fcckschlagventil &#8211; Johnson Kunststoff-R\u00fcckschlagventil. Es sorgt f\u00fcr eine zuverl\u00e4ssige Prim\u00e4rf\u00fcllung in Saugrohren. Einfaches In-Line-Montage, Wartung und Reinigung ohne<\/p>\n","protected":false},"featured_media":5936713,"comment_status":"closed","ping_status":"closed","template":"","meta":[],"product_brand":[3045],"product_cat":[1374,1383],"product_tag":[],"class_list":{"0":"post-3395164","1":"product","2":"type-product","3":"status-publish","4":"has-post-thumbnail","6":"product_brand-johnson-marine-de","7":"product_cat-kunststoff-wasserinstallationsarmaturen","8":"product_cat-marine-ventile","10":"first","11":"instock","12":"shipping-taxable","13":"purchasable","14":"product-type-simple"},"_links":{"self":[{"href":"https:\/\/stoic-curie.212-227-153-4.plesk.page\/de\/wp-json\/wp\/v2\/product\/3395164","targetHints":{"allow":["GET"]}}],"collection":[{"href":"https:\/\/stoic-curie.212-227-153-4.plesk.page\/de\/wp-json\/wp\/v2\/product"}],"about":[{"href":"https:\/\/stoic-curie.212-227-153-4.plesk.page\/de\/wp-json\/wp\/v2\/types\/product"}],"replies":[{"embeddable":true,"href":"https:\/\/stoic-curie.212-227-153-4.plesk.page\/de\/wp-json\/wp\/v2\/comments?post=3395164"}],"version-history":[{"count":0,"href":"https:\/\/stoic-curie.212-227-153-4.plesk.page\/de\/wp-json\/wp\/v2\/product\/3395164\/revisions"}],"wp:featuredmedia":[{"embeddable":true,"href":"https:\/\/stoic-curie.212-227-153-4.plesk.page\/de\/wp-json\/wp\/v2\/media\/5936713"}],"wp:attachment":[{"href":"https:\/\/stoic-curie.212-227-153-4.plesk.page\/de\/wp-json\/wp\/v2\/media?parent=3395164"}],"wp:term":[{"taxonomy":"product_brand","embeddable":true,"href":"https:\/\/stoic-curie.212-227-153-4.plesk.page\/de\/wp-json\/wp\/v2\/product_brand?post=3395164"},{"taxonomy":"product_cat","embeddable":true,"href":"https:\/\/stoic-curie.212-227-153-4.plesk.page\/de\/wp-json\/wp\/v2\/product_cat?post=3395164"},{"taxonomy":"product_tag","embeddable":true,"href":"https:\/\/stoic-curie.212-227-153-4.plesk.page\/de\/wp-json\/wp\/v2\/product_tag?post=3395164"}],"curies":[{"name":"wp","href":"https:\/\/api.w.org\/{rel}","templated":true}]}}