{"id":3395338,"date":"2025-10-09T22:34:48","date_gmt":"2025-10-10T02:34:48","guid":{"rendered":"https:\/\/stoic-curie.212-227-153-4.plesk.page\/product\/crofender-fenderhalter-22-25mm\/"},"modified":"2026-02-24T23:34:38","modified_gmt":"2026-02-24T23:34:38","slug":"crofender-fenderhalter-22-25mm","status":"publish","type":"product","link":"https:\/\/stoic-curie.212-227-153-4.plesk.page\/de\/product\/crofender-fenderhalter-22-25mm\/","title":{"rendered":"CroFender Fenderhalter 22\/25mm"},"content":{"rendered":"<p>CroFender Fenderhalter 22\/25mm &#8211; <\/p>\n<p>UV-best\u00e4ndiges Nylon mit Edelstahl- Sicherheitsfenderaufh\u00e4ngungen. Befestigt an 22 bis 25 mm Gel\u00e4ndern und 6 bis 9 mm Lifelines. Sehr einfache Montage der Fender mit GRIP-H\u00f6henversteller und ergonomischem Design mit Fingervertiefungen f\u00fcr einfache Entfernung und Umplatzierung.<\/p>\n","protected":false},"excerpt":{"rendered":"<p>CroFender Fenderhalter 22\/25mm &#8211; UV-best\u00e4ndiges Nylon mit Edelstahl- Sicherheitsfenderaufh\u00e4ngungen. Befestigt an 22 bis 25 mm Gel\u00e4ndern und 6 bis 9<\/p>\n","protected":false},"featured_media":5936824,"comment_status":"closed","ping_status":"closed","template":"","meta":[],"product_brand":[2875],"product_cat":[1560],"product_tag":[],"class_list":{"0":"post-3395338","1":"product","2":"type-product","3":"status-publish","4":"has-post-thumbnail","6":"product_brand-davis-de","7":"product_cat-fender-zubehoer","9":"first","10":"instock","11":"shipping-taxable","12":"purchasable","13":"product-type-simple"},"_links":{"self":[{"href":"https:\/\/stoic-curie.212-227-153-4.plesk.page\/de\/wp-json\/wp\/v2\/product\/3395338","targetHints":{"allow":["GET"]}}],"collection":[{"href":"https:\/\/stoic-curie.212-227-153-4.plesk.page\/de\/wp-json\/wp\/v2\/product"}],"about":[{"href":"https:\/\/stoic-curie.212-227-153-4.plesk.page\/de\/wp-json\/wp\/v2\/types\/product"}],"replies":[{"embeddable":true,"href":"https:\/\/stoic-curie.212-227-153-4.plesk.page\/de\/wp-json\/wp\/v2\/comments?post=3395338"}],"version-history":[{"count":0,"href":"https:\/\/stoic-curie.212-227-153-4.plesk.page\/de\/wp-json\/wp\/v2\/product\/3395338\/revisions"}],"wp:featuredmedia":[{"embeddable":true,"href":"https:\/\/stoic-curie.212-227-153-4.plesk.page\/de\/wp-json\/wp\/v2\/media\/5936824"}],"wp:attachment":[{"href":"https:\/\/stoic-curie.212-227-153-4.plesk.page\/de\/wp-json\/wp\/v2\/media?parent=3395338"}],"wp:term":[{"taxonomy":"product_brand","embeddable":true,"href":"https:\/\/stoic-curie.212-227-153-4.plesk.page\/de\/wp-json\/wp\/v2\/product_brand?post=3395338"},{"taxonomy":"product_cat","embeddable":true,"href":"https:\/\/stoic-curie.212-227-153-4.plesk.page\/de\/wp-json\/wp\/v2\/product_cat?post=3395338"},{"taxonomy":"product_tag","embeddable":true,"href":"https:\/\/stoic-curie.212-227-153-4.plesk.page\/de\/wp-json\/wp\/v2\/product_tag?post=3395338"}],"curies":[{"name":"wp","href":"https:\/\/api.w.org\/{rel}","templated":true}]}}