{"id":3395430,"date":"2025-10-09T22:34:51","date_gmt":"2025-10-10T02:34:51","guid":{"rendered":"https:\/\/stoic-curie.212-227-153-4.plesk.page\/product\/hoeflichkeitsleuchte-circinus-qb-led-weiss-05w-12-24v\/"},"modified":"2026-02-24T23:34:38","modified_gmt":"2026-02-24T23:34:38","slug":"hoeflichkeitsleuchte-circinus-qb-led-weiss-05w-12-24v","status":"publish","type":"product","link":"https:\/\/stoic-curie.212-227-153-4.plesk.page\/de\/product\/hoeflichkeitsleuchte-circinus-qb-led-weiss-05w-12-24v\/","title":{"rendered":"H\u00f6flichkeitsleuchte Circinus-QB LED wei\u00df 0,5W &#8211; 12\/24V"},"content":{"rendered":"<p>H\u00f6flichkeitsleuchte Circinus-QB LED wei\u00df 0,5W &#8211; 12\/24V &#8211; <\/p>\n<p>Einbau-Wasserdicht IP67 LED-Licht f\u00fcr Au\u00dfen- und Innenbereiche. K\u00f6rper aus verchromtem Messing, Schrauben aus Edelstahl. Universelle 12\/24V Stromversorgung.<\/p>\n","protected":false},"excerpt":{"rendered":"<p>H\u00f6flichkeitsleuchte Circinus-QB LED wei\u00df 0,5W &#8211; 12\/24V &#8211; Einbau-Wasserdicht IP67 LED-Licht f\u00fcr Au\u00dfen- und Innenbereiche. K\u00f6rper aus verchromtem Messing, Schrauben<\/p>\n","protected":false},"featured_media":5936843,"comment_status":"closed","ping_status":"closed","template":"","meta":[],"product_brand":[3220],"product_cat":[1452,1443],"product_tag":[],"class_list":{"0":"post-3395430","1":"product","2":"type-product","3":"status-publish","4":"has-post-thumbnail","6":"product_brand-oceanled-de","7":"product_cat-bootsbeleuchtung","8":"product_cat-bootshinweislichter","10":"first","11":"instock","12":"shipping-taxable","13":"purchasable","14":"product-type-simple"},"_links":{"self":[{"href":"https:\/\/stoic-curie.212-227-153-4.plesk.page\/de\/wp-json\/wp\/v2\/product\/3395430","targetHints":{"allow":["GET"]}}],"collection":[{"href":"https:\/\/stoic-curie.212-227-153-4.plesk.page\/de\/wp-json\/wp\/v2\/product"}],"about":[{"href":"https:\/\/stoic-curie.212-227-153-4.plesk.page\/de\/wp-json\/wp\/v2\/types\/product"}],"replies":[{"embeddable":true,"href":"https:\/\/stoic-curie.212-227-153-4.plesk.page\/de\/wp-json\/wp\/v2\/comments?post=3395430"}],"version-history":[{"count":0,"href":"https:\/\/stoic-curie.212-227-153-4.plesk.page\/de\/wp-json\/wp\/v2\/product\/3395430\/revisions"}],"wp:featuredmedia":[{"embeddable":true,"href":"https:\/\/stoic-curie.212-227-153-4.plesk.page\/de\/wp-json\/wp\/v2\/media\/5936843"}],"wp:attachment":[{"href":"https:\/\/stoic-curie.212-227-153-4.plesk.page\/de\/wp-json\/wp\/v2\/media?parent=3395430"}],"wp:term":[{"taxonomy":"product_brand","embeddable":true,"href":"https:\/\/stoic-curie.212-227-153-4.plesk.page\/de\/wp-json\/wp\/v2\/product_brand?post=3395430"},{"taxonomy":"product_cat","embeddable":true,"href":"https:\/\/stoic-curie.212-227-153-4.plesk.page\/de\/wp-json\/wp\/v2\/product_cat?post=3395430"},{"taxonomy":"product_tag","embeddable":true,"href":"https:\/\/stoic-curie.212-227-153-4.plesk.page\/de\/wp-json\/wp\/v2\/product_tag?post=3395430"}],"curies":[{"name":"wp","href":"https:\/\/api.w.org\/{rel}","templated":true}]}}