{"id":3395460,"date":"2025-10-09T22:34:52","date_gmt":"2025-10-10T02:34:52","guid":{"rendered":"https:\/\/stoic-curie.212-227-153-4.plesk.page\/product\/wasserdichtes-ip67-led-signallicht-fuer-aussen-und-innenbereiche-05w-12-24v\/"},"modified":"2026-02-24T23:34:38","modified_gmt":"2026-02-24T23:34:38","slug":"wasserdichtes-ip67-led-signallicht-fuer-aussen-und-innenbereiche-05w-12-24v","status":"publish","type":"product","link":"https:\/\/stoic-curie.212-227-153-4.plesk.page\/de\/product\/wasserdichtes-ip67-led-signallicht-fuer-aussen-und-innenbereiche-05w-12-24v\/","title":{"rendered":"Wasserdichtes IP67 LED-Signallicht f\u00fcr Au\u00dfen- und Innenbereiche 0,5W &#8211; 12\/24V"},"content":{"rendered":"<p>Wasserdichtes IP67 LED-Signallicht f\u00fcr Au\u00dfen- und Innenbereiche 0,5W &#8211; 12\/24V &#8211; <\/p>\n<p>Flush-Mount, wasserdichte IP67 LED-Besucherlicht f\u00fcr Innen- und Au\u00dfenbereiche. Geh\u00e4use aus verchromtem Messing, Schrauben aus rostfreiem Stahl. Universelle 12\/24V Stromversorgung.<\/p>\n","protected":false},"excerpt":{"rendered":"<p>Wasserdichtes IP67 LED-Signallicht f\u00fcr Au\u00dfen- und Innenbereiche 0,5W &#8211; 12\/24V &#8211; Flush-Mount, wasserdichte IP67 LED-Besucherlicht f\u00fcr Innen- und Au\u00dfenbereiche. Geh\u00e4use<\/p>\n","protected":false},"featured_media":5936846,"comment_status":"closed","ping_status":"closed","template":"","meta":[],"product_brand":[3220],"product_cat":[1443],"product_tag":[],"class_list":{"0":"post-3395460","1":"product","2":"type-product","3":"status-publish","4":"has-post-thumbnail","6":"product_brand-oceanled-de","7":"product_cat-bootshinweislichter","9":"first","10":"instock","11":"shipping-taxable","12":"purchasable","13":"product-type-simple"},"_links":{"self":[{"href":"https:\/\/stoic-curie.212-227-153-4.plesk.page\/de\/wp-json\/wp\/v2\/product\/3395460","targetHints":{"allow":["GET"]}}],"collection":[{"href":"https:\/\/stoic-curie.212-227-153-4.plesk.page\/de\/wp-json\/wp\/v2\/product"}],"about":[{"href":"https:\/\/stoic-curie.212-227-153-4.plesk.page\/de\/wp-json\/wp\/v2\/types\/product"}],"replies":[{"embeddable":true,"href":"https:\/\/stoic-curie.212-227-153-4.plesk.page\/de\/wp-json\/wp\/v2\/comments?post=3395460"}],"version-history":[{"count":0,"href":"https:\/\/stoic-curie.212-227-153-4.plesk.page\/de\/wp-json\/wp\/v2\/product\/3395460\/revisions"}],"wp:featuredmedia":[{"embeddable":true,"href":"https:\/\/stoic-curie.212-227-153-4.plesk.page\/de\/wp-json\/wp\/v2\/media\/5936846"}],"wp:attachment":[{"href":"https:\/\/stoic-curie.212-227-153-4.plesk.page\/de\/wp-json\/wp\/v2\/media?parent=3395460"}],"wp:term":[{"taxonomy":"product_brand","embeddable":true,"href":"https:\/\/stoic-curie.212-227-153-4.plesk.page\/de\/wp-json\/wp\/v2\/product_brand?post=3395460"},{"taxonomy":"product_cat","embeddable":true,"href":"https:\/\/stoic-curie.212-227-153-4.plesk.page\/de\/wp-json\/wp\/v2\/product_cat?post=3395460"},{"taxonomy":"product_tag","embeddable":true,"href":"https:\/\/stoic-curie.212-227-153-4.plesk.page\/de\/wp-json\/wp\/v2\/product_tag?post=3395460"}],"curies":[{"name":"wp","href":"https:\/\/api.w.org\/{rel}","templated":true}]}}