{"id":3395563,"date":"2025-10-09T22:34:56","date_gmt":"2025-10-10T02:34:56","guid":{"rendered":"https:\/\/stoic-curie.212-227-153-4.plesk.page\/product\/lange-d-schaekel-mit-gefangenem-schluesselstift-5-mm-edelstahl\/"},"modified":"2026-02-24T23:34:38","modified_gmt":"2026-02-24T23:34:38","slug":"lange-d-schaekel-mit-gefangenem-schluesselstift-5-mm-edelstahl","status":"publish","type":"product","link":"https:\/\/stoic-curie.212-227-153-4.plesk.page\/de\/product\/lange-d-schaekel-mit-gefangenem-schluesselstift-5-mm-edelstahl\/","title":{"rendered":"Lange D-Sch\u00e4kel mit gefangenem Schl\u00fcsselstift 5 mm Edelstahl"},"content":{"rendered":"<p>Lange D-Sch\u00e4kel mit gefangenem Schl\u00fcsselstift 5 mm Edelstahl &#8211; <\/p>\n<p>316 Edelstahl gefangene Schl\u00fcsselstift Lange Dee-Riegel.<\/p>\n","protected":false},"excerpt":{"rendered":"<p>Lange D-Sch\u00e4kel mit gefangenem Schl\u00fcsselstift 5 mm Edelstahl &#8211; 316 Edelstahl gefangene Schl\u00fcsselstift Lange Dee-Riegel.<\/p>\n","protected":false},"featured_media":5936914,"comment_status":"closed","ping_status":"closed","template":"","meta":[],"product_brand":[3120],"product_cat":[1406,1477],"product_tag":[],"class_list":{"0":"post-3395563","1":"product","2":"type-product","3":"status-publish","4":"has-post-thumbnail","6":"product_brand-marinetech-de","7":"product_cat-schaekel","8":"product_cat-schnappschaekel","10":"first","11":"instock","12":"shipping-taxable","13":"purchasable","14":"product-type-simple"},"_links":{"self":[{"href":"https:\/\/stoic-curie.212-227-153-4.plesk.page\/de\/wp-json\/wp\/v2\/product\/3395563","targetHints":{"allow":["GET"]}}],"collection":[{"href":"https:\/\/stoic-curie.212-227-153-4.plesk.page\/de\/wp-json\/wp\/v2\/product"}],"about":[{"href":"https:\/\/stoic-curie.212-227-153-4.plesk.page\/de\/wp-json\/wp\/v2\/types\/product"}],"replies":[{"embeddable":true,"href":"https:\/\/stoic-curie.212-227-153-4.plesk.page\/de\/wp-json\/wp\/v2\/comments?post=3395563"}],"version-history":[{"count":0,"href":"https:\/\/stoic-curie.212-227-153-4.plesk.page\/de\/wp-json\/wp\/v2\/product\/3395563\/revisions"}],"wp:featuredmedia":[{"embeddable":true,"href":"https:\/\/stoic-curie.212-227-153-4.plesk.page\/de\/wp-json\/wp\/v2\/media\/5936914"}],"wp:attachment":[{"href":"https:\/\/stoic-curie.212-227-153-4.plesk.page\/de\/wp-json\/wp\/v2\/media?parent=3395563"}],"wp:term":[{"taxonomy":"product_brand","embeddable":true,"href":"https:\/\/stoic-curie.212-227-153-4.plesk.page\/de\/wp-json\/wp\/v2\/product_brand?post=3395563"},{"taxonomy":"product_cat","embeddable":true,"href":"https:\/\/stoic-curie.212-227-153-4.plesk.page\/de\/wp-json\/wp\/v2\/product_cat?post=3395563"},{"taxonomy":"product_tag","embeddable":true,"href":"https:\/\/stoic-curie.212-227-153-4.plesk.page\/de\/wp-json\/wp\/v2\/product_tag?post=3395563"}],"curies":[{"name":"wp","href":"https:\/\/api.w.org\/{rel}","templated":true}]}}