{"id":3395718,"date":"2025-10-09T22:35:03","date_gmt":"2025-10-10T02:35:03","guid":{"rendered":"https:\/\/stoic-curie.212-227-153-4.plesk.page\/product\/universelles-moskitonetz-fuer-luke-62x62-cm\/"},"modified":"2026-02-24T23:34:38","modified_gmt":"2026-02-24T23:34:38","slug":"universelles-moskitonetz-fuer-luke-62x62-cm","status":"publish","type":"product","link":"https:\/\/stoic-curie.212-227-153-4.plesk.page\/de\/product\/universelles-moskitonetz-fuer-luke-62x62-cm\/","title":{"rendered":"Universelles Moskitonetz f\u00fcr Luke 62&#215;62 cm"},"content":{"rendered":"<p>Universelles Moskitonetz f\u00fcr Luke 62&#215;62 cm &#8211; <\/p>\n<p>Mesh-M\u00fcckennetz mit schwerem Bleikante f\u00fcr eine perfekte Adh\u00e4sion auf dem Deck.<\/p>\n","protected":false},"excerpt":{"rendered":"<p>Universelles Moskitonetz f\u00fcr Luke 62&#215;62 cm &#8211; Mesh-M\u00fcckennetz mit schwerem Bleikante f\u00fcr eine perfekte Adh\u00e4sion auf dem Deck.<\/p>\n","protected":false},"featured_media":5937018,"comment_status":"closed","ping_status":"closed","template":"","meta":[],"product_brand":[3165],"product_cat":[1415],"product_tag":[],"class_list":{"0":"post-3395718","1":"product","2":"type-product","3":"status-publish","4":"has-post-thumbnail","6":"product_brand-nautica-f4-de","7":"product_cat-bootsluken","9":"first","10":"instock","11":"shipping-taxable","12":"purchasable","13":"product-type-simple"},"_links":{"self":[{"href":"https:\/\/stoic-curie.212-227-153-4.plesk.page\/de\/wp-json\/wp\/v2\/product\/3395718","targetHints":{"allow":["GET"]}}],"collection":[{"href":"https:\/\/stoic-curie.212-227-153-4.plesk.page\/de\/wp-json\/wp\/v2\/product"}],"about":[{"href":"https:\/\/stoic-curie.212-227-153-4.plesk.page\/de\/wp-json\/wp\/v2\/types\/product"}],"replies":[{"embeddable":true,"href":"https:\/\/stoic-curie.212-227-153-4.plesk.page\/de\/wp-json\/wp\/v2\/comments?post=3395718"}],"version-history":[{"count":0,"href":"https:\/\/stoic-curie.212-227-153-4.plesk.page\/de\/wp-json\/wp\/v2\/product\/3395718\/revisions"}],"wp:featuredmedia":[{"embeddable":true,"href":"https:\/\/stoic-curie.212-227-153-4.plesk.page\/de\/wp-json\/wp\/v2\/media\/5937018"}],"wp:attachment":[{"href":"https:\/\/stoic-curie.212-227-153-4.plesk.page\/de\/wp-json\/wp\/v2\/media?parent=3395718"}],"wp:term":[{"taxonomy":"product_brand","embeddable":true,"href":"https:\/\/stoic-curie.212-227-153-4.plesk.page\/de\/wp-json\/wp\/v2\/product_brand?post=3395718"},{"taxonomy":"product_cat","embeddable":true,"href":"https:\/\/stoic-curie.212-227-153-4.plesk.page\/de\/wp-json\/wp\/v2\/product_cat?post=3395718"},{"taxonomy":"product_tag","embeddable":true,"href":"https:\/\/stoic-curie.212-227-153-4.plesk.page\/de\/wp-json\/wp\/v2\/product_tag?post=3395718"}],"curies":[{"name":"wp","href":"https:\/\/api.w.org\/{rel}","templated":true}]}}