{"id":3395752,"date":"2025-10-09T22:35:04","date_gmt":"2025-10-10T02:35:04","guid":{"rendered":"https:\/\/stoic-curie.212-227-153-4.plesk.page\/product\/sitzsockel-ausziehbar-173x173x55mm-abs\/"},"modified":"2026-02-24T23:34:38","modified_gmt":"2026-02-24T23:34:38","slug":"sitzsockel-ausziehbar-173x173x55mm-abs","status":"publish","type":"product","link":"https:\/\/stoic-curie.212-227-153-4.plesk.page\/de\/product\/sitzsockel-ausziehbar-173x173x55mm-abs\/","title":{"rendered":"Sitzsockel ausziehbar 173x173x55mm ABS"},"content":{"rendered":"<p>Sitzsockel ausziehbar 173x173x55mm ABS &#8211; <\/p>\n<p>Schnellverschluss-Sitzdrehelement aus verst\u00e4rktem Kunststoff. F\u00fcr die Montage von Sitzen auf B\u00e4nken und Aufbewahrungsboxen. Geeignet f\u00fcr die Montage an mehreren Positionen. Diagonale L\u00f6cher f\u00fcr einen Radstand von 165 bis 200 mm.<\/p>\n","protected":false},"excerpt":{"rendered":"<p>Sitzsockel ausziehbar 173x173x55mm ABS &#8211; Schnellverschluss-Sitzdrehelement aus verst\u00e4rktem Kunststoff. F\u00fcr die Montage von Sitzen auf B\u00e4nken und Aufbewahrungsboxen. Geeignet f\u00fcr<\/p>\n","protected":false},"featured_media":5937022,"comment_status":"closed","ping_status":"closed","template":"","meta":[],"product_brand":[2965],"product_cat":[1391,1411],"product_tag":[],"class_list":{"0":"post-3395752","1":"product","2":"type-product","3":"status-publish","4":"has-post-thumbnail","6":"product_brand-garelick-de","7":"product_cat-bootsitze","8":"product_cat-sitz-podeste","10":"first","11":"instock","12":"shipping-taxable","13":"purchasable","14":"product-type-simple"},"_links":{"self":[{"href":"https:\/\/stoic-curie.212-227-153-4.plesk.page\/de\/wp-json\/wp\/v2\/product\/3395752","targetHints":{"allow":["GET"]}}],"collection":[{"href":"https:\/\/stoic-curie.212-227-153-4.plesk.page\/de\/wp-json\/wp\/v2\/product"}],"about":[{"href":"https:\/\/stoic-curie.212-227-153-4.plesk.page\/de\/wp-json\/wp\/v2\/types\/product"}],"replies":[{"embeddable":true,"href":"https:\/\/stoic-curie.212-227-153-4.plesk.page\/de\/wp-json\/wp\/v2\/comments?post=3395752"}],"version-history":[{"count":0,"href":"https:\/\/stoic-curie.212-227-153-4.plesk.page\/de\/wp-json\/wp\/v2\/product\/3395752\/revisions"}],"wp:featuredmedia":[{"embeddable":true,"href":"https:\/\/stoic-curie.212-227-153-4.plesk.page\/de\/wp-json\/wp\/v2\/media\/5937022"}],"wp:attachment":[{"href":"https:\/\/stoic-curie.212-227-153-4.plesk.page\/de\/wp-json\/wp\/v2\/media?parent=3395752"}],"wp:term":[{"taxonomy":"product_brand","embeddable":true,"href":"https:\/\/stoic-curie.212-227-153-4.plesk.page\/de\/wp-json\/wp\/v2\/product_brand?post=3395752"},{"taxonomy":"product_cat","embeddable":true,"href":"https:\/\/stoic-curie.212-227-153-4.plesk.page\/de\/wp-json\/wp\/v2\/product_cat?post=3395752"},{"taxonomy":"product_tag","embeddable":true,"href":"https:\/\/stoic-curie.212-227-153-4.plesk.page\/de\/wp-json\/wp\/v2\/product_tag?post=3395752"}],"curies":[{"name":"wp","href":"https:\/\/api.w.org\/{rel}","templated":true}]}}