{"id":3395938,"date":"2025-10-09T22:35:11","date_gmt":"2025-10-10T02:35:11","guid":{"rendered":"https:\/\/stoic-curie.212-227-153-4.plesk.page\/product\/aluminium-anode-martyr-fuer-ruder-140mm\/"},"modified":"2026-02-24T23:34:38","modified_gmt":"2026-02-24T23:34:38","slug":"aluminium-anode-martyr-fuer-ruder-140mm","status":"publish","type":"product","link":"https:\/\/stoic-curie.212-227-153-4.plesk.page\/de\/product\/aluminium-anode-martyr-fuer-ruder-140mm\/","title":{"rendered":"Aluminium Anode Martyr f\u00fcr Ruder 140mm"},"content":{"rendered":"<p>Aluminium Anode Martyr f\u00fcr Ruder 140mm &#8211; <\/p>\n<p>Martyr Aluminium M2 Legierungsflansch-Ruder-\/Rumpfanoden. <br \/>\u2022 Sch\u00fctzt 50% l\u00e4nger als herk\u00f6mmliche Zinkanoden <br \/>\u2022 Wiegt 50% weniger als herk\u00f6mmliche Zinkanoden <\/p>\n","protected":false},"excerpt":{"rendered":"<p>Aluminium Anode Martyr f\u00fcr Ruder 140mm &#8211; Martyr Aluminium M2 Legierungsflansch-Ruder-\/Rumpfanoden. \u2022 Sch\u00fctzt 50% l\u00e4nger als herk\u00f6mmliche Zinkanoden \u2022 Wiegt<\/p>\n","protected":false},"featured_media":5937056,"comment_status":"closed","ping_status":"closed","template":"","meta":[],"product_brand":[3125],"product_cat":[1348],"product_tag":[],"class_list":{"0":"post-3395938","1":"product","2":"type-product","3":"status-publish","4":"has-post-thumbnail","6":"product_brand-martyr-de","7":"product_cat-anoden-fuer-den-rumpf","9":"first","10":"instock","11":"shipping-taxable","12":"purchasable","13":"product-type-simple"},"_links":{"self":[{"href":"https:\/\/stoic-curie.212-227-153-4.plesk.page\/de\/wp-json\/wp\/v2\/product\/3395938","targetHints":{"allow":["GET"]}}],"collection":[{"href":"https:\/\/stoic-curie.212-227-153-4.plesk.page\/de\/wp-json\/wp\/v2\/product"}],"about":[{"href":"https:\/\/stoic-curie.212-227-153-4.plesk.page\/de\/wp-json\/wp\/v2\/types\/product"}],"replies":[{"embeddable":true,"href":"https:\/\/stoic-curie.212-227-153-4.plesk.page\/de\/wp-json\/wp\/v2\/comments?post=3395938"}],"version-history":[{"count":0,"href":"https:\/\/stoic-curie.212-227-153-4.plesk.page\/de\/wp-json\/wp\/v2\/product\/3395938\/revisions"}],"wp:featuredmedia":[{"embeddable":true,"href":"https:\/\/stoic-curie.212-227-153-4.plesk.page\/de\/wp-json\/wp\/v2\/media\/5937056"}],"wp:attachment":[{"href":"https:\/\/stoic-curie.212-227-153-4.plesk.page\/de\/wp-json\/wp\/v2\/media?parent=3395938"}],"wp:term":[{"taxonomy":"product_brand","embeddable":true,"href":"https:\/\/stoic-curie.212-227-153-4.plesk.page\/de\/wp-json\/wp\/v2\/product_brand?post=3395938"},{"taxonomy":"product_cat","embeddable":true,"href":"https:\/\/stoic-curie.212-227-153-4.plesk.page\/de\/wp-json\/wp\/v2\/product_cat?post=3395938"},{"taxonomy":"product_tag","embeddable":true,"href":"https:\/\/stoic-curie.212-227-153-4.plesk.page\/de\/wp-json\/wp\/v2\/product_tag?post=3395938"}],"curies":[{"name":"wp","href":"https:\/\/api.w.org\/{rel}","templated":true}]}}