{"id":3396202,"date":"2025-10-09T22:35:20","date_gmt":"2025-10-10T02:35:20","guid":{"rendered":"https:\/\/stoic-curie.212-227-153-4.plesk.page\/product\/aluspray-aluminium-spruehfarbe-400-ml\/"},"modified":"2026-02-24T23:34:41","modified_gmt":"2026-02-24T23:34:41","slug":"aluspray-aluminium-spruehfarbe-400-ml","status":"publish","type":"product","link":"https:\/\/stoic-curie.212-227-153-4.plesk.page\/de\/product\/aluspray-aluminium-spruehfarbe-400-ml\/","title":{"rendered":"Aluspray Aluminium-Spr\u00fchfarbe 400 ml"},"content":{"rendered":"<p>Aluspray Aluminium-Spr\u00fchfarbe 400 ml &#8211; <\/p>\n<p>Spr\u00fchlacke, die eine sch\u00fctzende Schicht auf allen Arten von Oberfl\u00e4chen bilden. METALZINC f\u00fcr die kalte Galvanisierung sorgt f\u00fcr eine perfekte, \u00fcberstreichbare Schutzschicht. INOXSPRAY, auf Edelstahlbasis, bildet eine robuste und sch\u00fctzende Schicht aus Edelstahl. ALUSPRAY, auf Aluminiumbasis, schafft eine sch\u00fctzende Schicht, die salzwasser- und feuchtigkeitsbest\u00e4ndig ist.<\/p>\n","protected":false},"excerpt":{"rendered":"<p>Aluspray Aluminium-Spr\u00fchfarbe 400 ml &#8211; Spr\u00fchlacke, die eine sch\u00fctzende Schicht auf allen Arten von Oberfl\u00e4chen bilden. METALZINC f\u00fcr die kalte<\/p>\n","protected":false},"featured_media":5935665,"comment_status":"closed","ping_status":"closed","template":"","meta":[],"product_brand":[3400],"product_cat":[1347],"product_tag":[],"class_list":{"0":"post-3396202","1":"product","2":"type-product","3":"status-publish","4":"has-post-thumbnail","6":"product_brand-silpar-tk-de","7":"product_cat-marine-lack","9":"first","10":"instock","11":"shipping-taxable","12":"purchasable","13":"product-type-simple"},"_links":{"self":[{"href":"https:\/\/stoic-curie.212-227-153-4.plesk.page\/de\/wp-json\/wp\/v2\/product\/3396202","targetHints":{"allow":["GET"]}}],"collection":[{"href":"https:\/\/stoic-curie.212-227-153-4.plesk.page\/de\/wp-json\/wp\/v2\/product"}],"about":[{"href":"https:\/\/stoic-curie.212-227-153-4.plesk.page\/de\/wp-json\/wp\/v2\/types\/product"}],"replies":[{"embeddable":true,"href":"https:\/\/stoic-curie.212-227-153-4.plesk.page\/de\/wp-json\/wp\/v2\/comments?post=3396202"}],"version-history":[{"count":0,"href":"https:\/\/stoic-curie.212-227-153-4.plesk.page\/de\/wp-json\/wp\/v2\/product\/3396202\/revisions"}],"wp:featuredmedia":[{"embeddable":true,"href":"https:\/\/stoic-curie.212-227-153-4.plesk.page\/de\/wp-json\/wp\/v2\/media\/5935665"}],"wp:attachment":[{"href":"https:\/\/stoic-curie.212-227-153-4.plesk.page\/de\/wp-json\/wp\/v2\/media?parent=3396202"}],"wp:term":[{"taxonomy":"product_brand","embeddable":true,"href":"https:\/\/stoic-curie.212-227-153-4.plesk.page\/de\/wp-json\/wp\/v2\/product_brand?post=3396202"},{"taxonomy":"product_cat","embeddable":true,"href":"https:\/\/stoic-curie.212-227-153-4.plesk.page\/de\/wp-json\/wp\/v2\/product_cat?post=3396202"},{"taxonomy":"product_tag","embeddable":true,"href":"https:\/\/stoic-curie.212-227-153-4.plesk.page\/de\/wp-json\/wp\/v2\/product_tag?post=3396202"}],"curies":[{"name":"wp","href":"https:\/\/api.w.org\/{rel}","templated":true}]}}