{"id":3396304,"date":"2025-10-09T22:35:24","date_gmt":"2025-10-10T02:35:24","guid":{"rendered":"https:\/\/stoic-curie.212-227-153-4.plesk.page\/product\/motorstossdaempfer-marine-motorhalterungen-vd-m12-120kg\/"},"modified":"2026-02-24T23:34:41","modified_gmt":"2026-02-24T23:34:41","slug":"motorstossdaempfer-marine-motorhalterungen-vd-m12-120kg","status":"publish","type":"product","link":"https:\/\/stoic-curie.212-227-153-4.plesk.page\/de\/product\/motorstossdaempfer-marine-motorhalterungen-vd-m12-120kg\/","title":{"rendered":"Motorsto\u00dfd\u00e4mpfer-Marine Motorhalterungen VD M12 120KG"},"content":{"rendered":"<p>Motorsto\u00dfd\u00e4mpfer-Marine Motorhalterungen VD M12 120KG &#8211; <\/p>\n<p>Flexible Halterungen f\u00fcr kleine Dieselmaschinen. <br \/>Zertifiziert durch Det Norske Veritas. <br \/>100 mm lange M12 Gewindestange. <br \/>(SH = Shore)<\/p>\n","protected":false},"excerpt":{"rendered":"<p>Motorsto\u00dfd\u00e4mpfer-Marine Motorhalterungen VD M12 120KG &#8211; Flexible Halterungen f\u00fcr kleine Dieselmaschinen. Zertifiziert durch Det Norske Veritas. 100 mm lange M12<\/p>\n","protected":false},"featured_media":5937131,"comment_status":"closed","ping_status":"closed","template":"","meta":[],"product_brand":[2780],"product_cat":[1537],"product_tag":[],"class_list":{"0":"post-3396304","1":"product","2":"type-product","3":"status-publish","4":"has-post-thumbnail","6":"product_brand-ancor-marine-de","7":"product_cat-motorhalterungen","9":"first","10":"instock","11":"shipping-taxable","12":"purchasable","13":"product-type-simple"},"_links":{"self":[{"href":"https:\/\/stoic-curie.212-227-153-4.plesk.page\/de\/wp-json\/wp\/v2\/product\/3396304","targetHints":{"allow":["GET"]}}],"collection":[{"href":"https:\/\/stoic-curie.212-227-153-4.plesk.page\/de\/wp-json\/wp\/v2\/product"}],"about":[{"href":"https:\/\/stoic-curie.212-227-153-4.plesk.page\/de\/wp-json\/wp\/v2\/types\/product"}],"replies":[{"embeddable":true,"href":"https:\/\/stoic-curie.212-227-153-4.plesk.page\/de\/wp-json\/wp\/v2\/comments?post=3396304"}],"version-history":[{"count":0,"href":"https:\/\/stoic-curie.212-227-153-4.plesk.page\/de\/wp-json\/wp\/v2\/product\/3396304\/revisions"}],"wp:featuredmedia":[{"embeddable":true,"href":"https:\/\/stoic-curie.212-227-153-4.plesk.page\/de\/wp-json\/wp\/v2\/media\/5937131"}],"wp:attachment":[{"href":"https:\/\/stoic-curie.212-227-153-4.plesk.page\/de\/wp-json\/wp\/v2\/media?parent=3396304"}],"wp:term":[{"taxonomy":"product_brand","embeddable":true,"href":"https:\/\/stoic-curie.212-227-153-4.plesk.page\/de\/wp-json\/wp\/v2\/product_brand?post=3396304"},{"taxonomy":"product_cat","embeddable":true,"href":"https:\/\/stoic-curie.212-227-153-4.plesk.page\/de\/wp-json\/wp\/v2\/product_cat?post=3396304"},{"taxonomy":"product_tag","embeddable":true,"href":"https:\/\/stoic-curie.212-227-153-4.plesk.page\/de\/wp-json\/wp\/v2\/product_tag?post=3396304"}],"curies":[{"name":"wp","href":"https:\/\/api.w.org\/{rel}","templated":true}]}}