{"id":3396326,"date":"2025-10-09T22:35:24","date_gmt":"2025-10-10T02:35:24","guid":{"rendered":"https:\/\/stoic-curie.212-227-153-4.plesk.page\/product\/edelstahl-loxx-tenax-federaufsetzkappen\/"},"modified":"2026-02-24T23:34:41","modified_gmt":"2026-02-24T23:34:41","slug":"edelstahl-loxx-tenax-federaufsetzkappen","status":"publish","type":"product","link":"https:\/\/stoic-curie.212-227-153-4.plesk.page\/de\/product\/edelstahl-loxx-tenax-federaufsetzkappen\/","title":{"rendered":"Edelstahl-Loxx-Tenax Federaufsetzkappen"},"content":{"rendered":"<p>Edelstahl-Loxx-Tenax Federaufsetzkappen &#8211; <\/p>\n<p>Echte deutsche Loxx-Federhebekappen in \u00fcberlegener Qualit\u00e4t. Geh\u00e4use aus Messing oder Edelstahl, mit Edelstahlfeder.<\/p>\n","protected":false},"excerpt":{"rendered":"<p>Edelstahl-Loxx-Tenax Federaufsetzkappen &#8211; Echte deutsche Loxx-Federhebekappen in \u00fcberlegener Qualit\u00e4t. Geh\u00e4use aus Messing oder Edelstahl, mit Edelstahlfeder.<\/p>\n","protected":false},"featured_media":5937216,"comment_status":"closed","ping_status":"closed","template":"","meta":[],"product_brand":[3075],"product_cat":[1416,1402],"product_tag":[],"class_list":{"0":"post-3396326","1":"product","2":"type-product","3":"status-publish","4":"has-post-thumbnail","6":"product_brand-loxx-de","7":"product_cat-befestigungsmaterial-fuer-bootsabdeckungen-und-bimini","8":"product_cat-bimini-verdecke","10":"first","11":"instock","12":"shipping-taxable","13":"purchasable","14":"product-type-simple"},"_links":{"self":[{"href":"https:\/\/stoic-curie.212-227-153-4.plesk.page\/de\/wp-json\/wp\/v2\/product\/3396326","targetHints":{"allow":["GET"]}}],"collection":[{"href":"https:\/\/stoic-curie.212-227-153-4.plesk.page\/de\/wp-json\/wp\/v2\/product"}],"about":[{"href":"https:\/\/stoic-curie.212-227-153-4.plesk.page\/de\/wp-json\/wp\/v2\/types\/product"}],"replies":[{"embeddable":true,"href":"https:\/\/stoic-curie.212-227-153-4.plesk.page\/de\/wp-json\/wp\/v2\/comments?post=3396326"}],"version-history":[{"count":0,"href":"https:\/\/stoic-curie.212-227-153-4.plesk.page\/de\/wp-json\/wp\/v2\/product\/3396326\/revisions"}],"wp:featuredmedia":[{"embeddable":true,"href":"https:\/\/stoic-curie.212-227-153-4.plesk.page\/de\/wp-json\/wp\/v2\/media\/5937216"}],"wp:attachment":[{"href":"https:\/\/stoic-curie.212-227-153-4.plesk.page\/de\/wp-json\/wp\/v2\/media?parent=3396326"}],"wp:term":[{"taxonomy":"product_brand","embeddable":true,"href":"https:\/\/stoic-curie.212-227-153-4.plesk.page\/de\/wp-json\/wp\/v2\/product_brand?post=3396326"},{"taxonomy":"product_cat","embeddable":true,"href":"https:\/\/stoic-curie.212-227-153-4.plesk.page\/de\/wp-json\/wp\/v2\/product_cat?post=3396326"},{"taxonomy":"product_tag","embeddable":true,"href":"https:\/\/stoic-curie.212-227-153-4.plesk.page\/de\/wp-json\/wp\/v2\/product_tag?post=3396326"}],"curies":[{"name":"wp","href":"https:\/\/api.w.org\/{rel}","templated":true}]}}