{"id":3396328,"date":"2025-10-09T22:35:24","date_gmt":"2025-10-10T02:35:24","guid":{"rendered":"https:\/\/stoic-curie.212-227-153-4.plesk.page\/product\/loxx-tenax-federhubkappen-antikes-messing\/"},"modified":"2026-02-24T23:34:41","modified_gmt":"2026-02-24T23:34:41","slug":"loxx-tenax-federhubkappen-antikes-messing","status":"publish","type":"product","link":"https:\/\/stoic-curie.212-227-153-4.plesk.page\/de\/product\/loxx-tenax-federhubkappen-antikes-messing\/","title":{"rendered":"Loxx-Tenax-Federhubkappen Antikes Messing"},"content":{"rendered":"<p>Loxx-Tenax-Federhubkappen Antikes Messing &#8211; <\/p>\n<p>Echte deutsche Loxx-Federhebekappen in erstklassiger Qualit\u00e4t. Antikmessing- oder vergoldetes Geh\u00e4use, Edelstahlfeder. Geeignet f\u00fcr alte Bootstypen und elegante Innenr\u00e4ume.<\/p>\n","protected":false},"excerpt":{"rendered":"<p>Loxx-Tenax-Federhubkappen Antikes Messing &#8211; Echte deutsche Loxx-Federhebekappen in erstklassiger Qualit\u00e4t. Antikmessing- oder vergoldetes Geh\u00e4use, Edelstahlfeder. Geeignet f\u00fcr alte Bootstypen und<\/p>\n","protected":false},"featured_media":5937231,"comment_status":"closed","ping_status":"closed","template":"","meta":[],"product_brand":[3075],"product_cat":[1416,1402],"product_tag":[],"class_list":{"0":"post-3396328","1":"product","2":"type-product","3":"status-publish","4":"has-post-thumbnail","6":"product_brand-loxx-de","7":"product_cat-befestigungsmaterial-fuer-bootsabdeckungen-und-bimini","8":"product_cat-bimini-verdecke","10":"first","11":"instock","12":"shipping-taxable","13":"purchasable","14":"product-type-simple"},"_links":{"self":[{"href":"https:\/\/stoic-curie.212-227-153-4.plesk.page\/de\/wp-json\/wp\/v2\/product\/3396328","targetHints":{"allow":["GET"]}}],"collection":[{"href":"https:\/\/stoic-curie.212-227-153-4.plesk.page\/de\/wp-json\/wp\/v2\/product"}],"about":[{"href":"https:\/\/stoic-curie.212-227-153-4.plesk.page\/de\/wp-json\/wp\/v2\/types\/product"}],"replies":[{"embeddable":true,"href":"https:\/\/stoic-curie.212-227-153-4.plesk.page\/de\/wp-json\/wp\/v2\/comments?post=3396328"}],"version-history":[{"count":0,"href":"https:\/\/stoic-curie.212-227-153-4.plesk.page\/de\/wp-json\/wp\/v2\/product\/3396328\/revisions"}],"wp:featuredmedia":[{"embeddable":true,"href":"https:\/\/stoic-curie.212-227-153-4.plesk.page\/de\/wp-json\/wp\/v2\/media\/5937231"}],"wp:attachment":[{"href":"https:\/\/stoic-curie.212-227-153-4.plesk.page\/de\/wp-json\/wp\/v2\/media?parent=3396328"}],"wp:term":[{"taxonomy":"product_brand","embeddable":true,"href":"https:\/\/stoic-curie.212-227-153-4.plesk.page\/de\/wp-json\/wp\/v2\/product_brand?post=3396328"},{"taxonomy":"product_cat","embeddable":true,"href":"https:\/\/stoic-curie.212-227-153-4.plesk.page\/de\/wp-json\/wp\/v2\/product_cat?post=3396328"},{"taxonomy":"product_tag","embeddable":true,"href":"https:\/\/stoic-curie.212-227-153-4.plesk.page\/de\/wp-json\/wp\/v2\/product_tag?post=3396328"}],"curies":[{"name":"wp","href":"https:\/\/api.w.org\/{rel}","templated":true}]}}