{"id":3396461,"date":"2025-10-09T22:35:29","date_gmt":"2025-10-10T02:35:29","guid":{"rendered":"https:\/\/stoic-curie.212-227-153-4.plesk.page\/product\/starbrite-teak-oelversiegelung-tropical-500ml\/"},"modified":"2026-02-24T23:34:41","modified_gmt":"2026-02-24T23:34:41","slug":"starbrite-teak-oelversiegelung-tropical-500ml","status":"publish","type":"product","link":"https:\/\/stoic-curie.212-227-153-4.plesk.page\/de\/product\/starbrite-teak-oelversiegelung-tropical-500ml\/","title":{"rendered":"Starbrite Teak-\u00d6lversiegelung Tropical 500ml"},"content":{"rendered":"<p>Starbrite Teak-\u00d6lversiegelung Tropical 500ml &#8211; <\/p>\n<p>\u2022 Tropisches Teak\u00f6l-Versiegelungsmittel, das l\u00e4nger h\u00e4lt als jedes andere \u00d6l oder Versiegler.<br \/>\u2022 Keine Tropfen, keine Spritzer Formel.<br \/>\u2022 Sch\u00fctzt vor ultravioletten Strahlen.<br \/>\u2022 Langanhaltend, dringt tief ein f\u00fcr umfassenden Schutz.<br \/>\u2022 Nur ein Anstrich erforderlich.<\/p>\n","protected":false},"excerpt":{"rendered":"<p>Starbrite Teak-\u00d6lversiegelung Tropical 500ml &#8211; \u2022 Tropisches Teak\u00f6l-Versiegelungsmittel, das l\u00e4nger h\u00e4lt als jedes andere \u00d6l oder Versiegler.\u2022 Keine Tropfen, keine<\/p>\n","protected":false},"featured_media":5937252,"comment_status":"closed","ping_status":"closed","template":"","meta":[],"product_brand":[3435],"product_cat":[1338],"product_tag":[],"class_list":{"0":"post-3396461","1":"product","2":"type-product","3":"status-publish","4":"has-post-thumbnail","6":"product_brand-starbrite-de","7":"product_cat-marine-schiffslacke-und-teakoel","9":"first","10":"instock","11":"shipping-taxable","12":"purchasable","13":"product-type-simple"},"_links":{"self":[{"href":"https:\/\/stoic-curie.212-227-153-4.plesk.page\/de\/wp-json\/wp\/v2\/product\/3396461","targetHints":{"allow":["GET"]}}],"collection":[{"href":"https:\/\/stoic-curie.212-227-153-4.plesk.page\/de\/wp-json\/wp\/v2\/product"}],"about":[{"href":"https:\/\/stoic-curie.212-227-153-4.plesk.page\/de\/wp-json\/wp\/v2\/types\/product"}],"replies":[{"embeddable":true,"href":"https:\/\/stoic-curie.212-227-153-4.plesk.page\/de\/wp-json\/wp\/v2\/comments?post=3396461"}],"version-history":[{"count":0,"href":"https:\/\/stoic-curie.212-227-153-4.plesk.page\/de\/wp-json\/wp\/v2\/product\/3396461\/revisions"}],"wp:featuredmedia":[{"embeddable":true,"href":"https:\/\/stoic-curie.212-227-153-4.plesk.page\/de\/wp-json\/wp\/v2\/media\/5937252"}],"wp:attachment":[{"href":"https:\/\/stoic-curie.212-227-153-4.plesk.page\/de\/wp-json\/wp\/v2\/media?parent=3396461"}],"wp:term":[{"taxonomy":"product_brand","embeddable":true,"href":"https:\/\/stoic-curie.212-227-153-4.plesk.page\/de\/wp-json\/wp\/v2\/product_brand?post=3396461"},{"taxonomy":"product_cat","embeddable":true,"href":"https:\/\/stoic-curie.212-227-153-4.plesk.page\/de\/wp-json\/wp\/v2\/product_cat?post=3396461"},{"taxonomy":"product_tag","embeddable":true,"href":"https:\/\/stoic-curie.212-227-153-4.plesk.page\/de\/wp-json\/wp\/v2\/product_tag?post=3396461"}],"curies":[{"name":"wp","href":"https:\/\/api.w.org\/{rel}","templated":true}]}}