{"id":3396603,"date":"2025-10-09T22:35:34","date_gmt":"2025-10-10T02:35:34","guid":{"rendered":"https:\/\/stoic-curie.212-227-153-4.plesk.page\/product\/titan-bugschaekel-d22\/"},"modified":"2026-02-24T23:34:41","modified_gmt":"2026-02-24T23:34:41","slug":"titan-bugschaekel-d22","status":"publish","type":"product","link":"https:\/\/stoic-curie.212-227-153-4.plesk.page\/de\/product\/titan-bugschaekel-d22\/","title":{"rendered":"Titan-Bugsch\u00e4kel D22"},"content":{"rendered":"<p>Titan-Bugsch\u00e4kel D22 &#8211; <\/p>\n<p>Der geschmiedete, feuerverzinkte Stahl-B\u00fcgel-D\u00fcbel ist auch bei hohen Lasten sicher. CE EN13889:2003+A1:2008 zertifiziert, mit der maximalen Arbeitslast auf dem D\u00fcbel gestempelt. Hinweis: Die Bruchlast betr\u00e4gt ungef\u00e4hr das Sechsfache der Arbeitslast.<\/p>\n","protected":false},"excerpt":{"rendered":"<p>Titan-Bugsch\u00e4kel D22 &#8211; Der geschmiedete, feuerverzinkte Stahl-B\u00fcgel-D\u00fcbel ist auch bei hohen Lasten sicher. CE EN13889:2003+A1:2008 zertifiziert, mit der maximalen Arbeitslast<\/p>\n","protected":false},"featured_media":5937275,"comment_status":"closed","ping_status":"closed","template":"","meta":[],"product_brand":[3085],"product_cat":[1406],"product_tag":[],"class_list":{"0":"post-3396603","1":"product","2":"type-product","3":"status-publish","4":"has-post-thumbnail","6":"product_brand-maggigroup-de","7":"product_cat-schaekel","9":"first","10":"instock","11":"shipping-taxable","12":"purchasable","13":"product-type-simple"},"_links":{"self":[{"href":"https:\/\/stoic-curie.212-227-153-4.plesk.page\/de\/wp-json\/wp\/v2\/product\/3396603","targetHints":{"allow":["GET"]}}],"collection":[{"href":"https:\/\/stoic-curie.212-227-153-4.plesk.page\/de\/wp-json\/wp\/v2\/product"}],"about":[{"href":"https:\/\/stoic-curie.212-227-153-4.plesk.page\/de\/wp-json\/wp\/v2\/types\/product"}],"replies":[{"embeddable":true,"href":"https:\/\/stoic-curie.212-227-153-4.plesk.page\/de\/wp-json\/wp\/v2\/comments?post=3396603"}],"version-history":[{"count":0,"href":"https:\/\/stoic-curie.212-227-153-4.plesk.page\/de\/wp-json\/wp\/v2\/product\/3396603\/revisions"}],"wp:featuredmedia":[{"embeddable":true,"href":"https:\/\/stoic-curie.212-227-153-4.plesk.page\/de\/wp-json\/wp\/v2\/media\/5937275"}],"wp:attachment":[{"href":"https:\/\/stoic-curie.212-227-153-4.plesk.page\/de\/wp-json\/wp\/v2\/media?parent=3396603"}],"wp:term":[{"taxonomy":"product_brand","embeddable":true,"href":"https:\/\/stoic-curie.212-227-153-4.plesk.page\/de\/wp-json\/wp\/v2\/product_brand?post=3396603"},{"taxonomy":"product_cat","embeddable":true,"href":"https:\/\/stoic-curie.212-227-153-4.plesk.page\/de\/wp-json\/wp\/v2\/product_cat?post=3396603"},{"taxonomy":"product_tag","embeddable":true,"href":"https:\/\/stoic-curie.212-227-153-4.plesk.page\/de\/wp-json\/wp\/v2\/product_tag?post=3396603"}],"curies":[{"name":"wp","href":"https:\/\/api.w.org\/{rel}","templated":true}]}}