{"id":3396653,"date":"2025-10-09T22:35:35","date_gmt":"2025-10-10T02:35:35","guid":{"rendered":"https:\/\/stoic-curie.212-227-153-4.plesk.page\/product\/saralon-inspektionsluken-203mm\/"},"modified":"2026-02-24T23:34:41","modified_gmt":"2026-02-24T23:34:41","slug":"saralon-inspektionsluken-203mm","status":"publish","type":"product","link":"https:\/\/stoic-curie.212-227-153-4.plesk.page\/de\/product\/saralon-inspektionsluken-203mm\/","title":{"rendered":"Saralon Inspektionsluken 203mm"},"content":{"rendered":"<p>Saralon Inspektionsluken 203mm &#8211; <\/p>\n<p>Fast unverw\u00fcstliche Inspektionsdeckplatte aus Saralon-Polypropylenharz. Sto\u00dffest, unempfindlich gegen\u00fcber UV-Strahlen, L\u00f6sungsmitteln und Kraftstoffen. Wasserfeste Druckverschluss.<\/p>\n","protected":false},"excerpt":{"rendered":"<p>Saralon Inspektionsluken 203mm &#8211; Fast unverw\u00fcstliche Inspektionsdeckplatte aus Saralon-Polypropylenharz. Sto\u00dffest, unempfindlich gegen\u00fcber UV-Strahlen, L\u00f6sungsmitteln und Kraftstoffen. Wasserfeste Druckverschluss.<\/p>\n","protected":false},"featured_media":5937310,"comment_status":"closed","ping_status":"closed","template":"","meta":[],"product_brand":[3035],"product_cat":[1397,1408],"product_tag":[],"class_list":{"0":"post-3396653","1":"product","2":"type-product","3":"status-publish","4":"has-post-thumbnail","6":"product_brand-jba-marine-de","7":"product_cat-inspektionsluken","8":"product_cat-kunststoffluken","10":"first","11":"instock","12":"shipping-taxable","13":"purchasable","14":"product-type-simple"},"_links":{"self":[{"href":"https:\/\/stoic-curie.212-227-153-4.plesk.page\/de\/wp-json\/wp\/v2\/product\/3396653","targetHints":{"allow":["GET"]}}],"collection":[{"href":"https:\/\/stoic-curie.212-227-153-4.plesk.page\/de\/wp-json\/wp\/v2\/product"}],"about":[{"href":"https:\/\/stoic-curie.212-227-153-4.plesk.page\/de\/wp-json\/wp\/v2\/types\/product"}],"replies":[{"embeddable":true,"href":"https:\/\/stoic-curie.212-227-153-4.plesk.page\/de\/wp-json\/wp\/v2\/comments?post=3396653"}],"version-history":[{"count":0,"href":"https:\/\/stoic-curie.212-227-153-4.plesk.page\/de\/wp-json\/wp\/v2\/product\/3396653\/revisions"}],"wp:featuredmedia":[{"embeddable":true,"href":"https:\/\/stoic-curie.212-227-153-4.plesk.page\/de\/wp-json\/wp\/v2\/media\/5937310"}],"wp:attachment":[{"href":"https:\/\/stoic-curie.212-227-153-4.plesk.page\/de\/wp-json\/wp\/v2\/media?parent=3396653"}],"wp:term":[{"taxonomy":"product_brand","embeddable":true,"href":"https:\/\/stoic-curie.212-227-153-4.plesk.page\/de\/wp-json\/wp\/v2\/product_brand?post=3396653"},{"taxonomy":"product_cat","embeddable":true,"href":"https:\/\/stoic-curie.212-227-153-4.plesk.page\/de\/wp-json\/wp\/v2\/product_cat?post=3396653"},{"taxonomy":"product_tag","embeddable":true,"href":"https:\/\/stoic-curie.212-227-153-4.plesk.page\/de\/wp-json\/wp\/v2\/product_tag?post=3396653"}],"curies":[{"name":"wp","href":"https:\/\/api.w.org\/{rel}","templated":true}]}}