{"id":3396669,"date":"2025-10-09T22:35:36","date_gmt":"2025-10-10T02:35:36","guid":{"rendered":"https:\/\/stoic-curie.212-227-153-4.plesk.page\/product\/bilgengeblaese-attwood-fuer-maschinenraeume-turbo3000-12v\/"},"modified":"2026-02-24T23:34:44","modified_gmt":"2026-02-24T23:34:44","slug":"bilgengeblaese-attwood-fuer-maschinenraeume-turbo3000-12v","status":"publish","type":"product","link":"https:\/\/stoic-curie.212-227-153-4.plesk.page\/de\/product\/bilgengeblaese-attwood-fuer-maschinenraeume-turbo3000-12v\/","title":{"rendered":"Bilgengebl\u00e4se Attwood f\u00fcr Maschinenr\u00e4ume TURBO3000 12V"},"content":{"rendered":"<p>Bilgengebl\u00e4se Attwood f\u00fcr Maschinenr\u00e4ume TURBO3000 12V &#8211; <\/p>\n<p>Turbo Inline-Wasserbl\u00e4ser f\u00fcr Maschinenr\u00e4ume und Kabinen. Komplett mit 2 Halteb\u00e4ndern. Die Bl\u00e4ser sind so konzipiert, dass sie 25 % mehr Luftstrom als andere Bl\u00e4ser liefern und dabei 40 % weniger Energie verbrauchen. Nickelbeschichteter Motor mit Abdeckung und geschlossenen Leitungen f\u00fcr umfassenden Korrosionsschutz.<\/p>\n","protected":false},"excerpt":{"rendered":"<p>Bilgengebl\u00e4se Attwood f\u00fcr Maschinenr\u00e4ume TURBO3000 12V &#8211; Turbo Inline-Wasserbl\u00e4ser f\u00fcr Maschinenr\u00e4ume und Kabinen. Komplett mit 2 Halteb\u00e4ndern. Die Bl\u00e4ser sind<\/p>\n","protected":false},"featured_media":5937324,"comment_status":"closed","ping_status":"closed","template":"","meta":[],"product_brand":[2805],"product_cat":[1445,1539],"product_tag":[],"class_list":{"0":"post-3396669","1":"product","2":"type-product","3":"status-publish","4":"has-post-thumbnail","6":"product_brand-attwood-de","7":"product_cat-bilgengeblaese","8":"product_cat-motorlueftungssysteme","10":"first","11":"instock","12":"shipping-taxable","13":"purchasable","14":"product-type-simple"},"_links":{"self":[{"href":"https:\/\/stoic-curie.212-227-153-4.plesk.page\/de\/wp-json\/wp\/v2\/product\/3396669","targetHints":{"allow":["GET"]}}],"collection":[{"href":"https:\/\/stoic-curie.212-227-153-4.plesk.page\/de\/wp-json\/wp\/v2\/product"}],"about":[{"href":"https:\/\/stoic-curie.212-227-153-4.plesk.page\/de\/wp-json\/wp\/v2\/types\/product"}],"replies":[{"embeddable":true,"href":"https:\/\/stoic-curie.212-227-153-4.plesk.page\/de\/wp-json\/wp\/v2\/comments?post=3396669"}],"version-history":[{"count":0,"href":"https:\/\/stoic-curie.212-227-153-4.plesk.page\/de\/wp-json\/wp\/v2\/product\/3396669\/revisions"}],"wp:featuredmedia":[{"embeddable":true,"href":"https:\/\/stoic-curie.212-227-153-4.plesk.page\/de\/wp-json\/wp\/v2\/media\/5937324"}],"wp:attachment":[{"href":"https:\/\/stoic-curie.212-227-153-4.plesk.page\/de\/wp-json\/wp\/v2\/media?parent=3396669"}],"wp:term":[{"taxonomy":"product_brand","embeddable":true,"href":"https:\/\/stoic-curie.212-227-153-4.plesk.page\/de\/wp-json\/wp\/v2\/product_brand?post=3396669"},{"taxonomy":"product_cat","embeddable":true,"href":"https:\/\/stoic-curie.212-227-153-4.plesk.page\/de\/wp-json\/wp\/v2\/product_cat?post=3396669"},{"taxonomy":"product_tag","embeddable":true,"href":"https:\/\/stoic-curie.212-227-153-4.plesk.page\/de\/wp-json\/wp\/v2\/product_tag?post=3396669"}],"curies":[{"name":"wp","href":"https:\/\/api.w.org\/{rel}","templated":true}]}}