{"id":3396679,"date":"2025-10-09T22:35:36","date_gmt":"2025-10-10T02:35:36","guid":{"rendered":"https:\/\/stoic-curie.212-227-153-4.plesk.page\/product\/marine-gluehlampe-fuer-gluehbirne-12v-5w-37-x-10-mm\/"},"modified":"2026-02-24T23:34:44","modified_gmt":"2026-02-24T23:34:44","slug":"marine-gluehlampe-fuer-gluehbirne-12v-5w-37-x-10-mm","status":"publish","type":"product","link":"https:\/\/stoic-curie.212-227-153-4.plesk.page\/de\/product\/marine-gluehlampe-fuer-gluehbirne-12v-5w-37-x-10-mm\/","title":{"rendered":"Marine Gl\u00fchlampe f\u00fcr Gl\u00fchbirne 12V 5W (37 x 10 mm)"},"content":{"rendered":"<p>Marine Gl\u00fchlampe f\u00fcr Gl\u00fchbirne 12V 5W (37 x 10 mm) &#8211; <\/p>\n<p>Gl\u00fchbirnen f\u00fcr Feste.<\/p>\n","protected":false},"excerpt":{"rendered":"<p>Marine Gl\u00fchlampe f\u00fcr Gl\u00fchbirne 12V 5W (37 x 10 mm) &#8211; Gl\u00fchbirnen f\u00fcr Feste.<\/p>\n","protected":false},"featured_media":5936427,"comment_status":"closed","ping_status":"closed","template":"","meta":[],"product_brand":[2830],"product_cat":[1452,1454],"product_tag":[],"class_list":{"0":"post-3396679","1":"product","2":"type-product","3":"status-publish","4":"has-post-thumbnail","6":"product_brand-blue-sea-systems-de","7":"product_cat-bootsbeleuchtung","8":"product_cat-navigationlichter","10":"first","11":"instock","12":"shipping-taxable","13":"purchasable","14":"product-type-simple"},"_links":{"self":[{"href":"https:\/\/stoic-curie.212-227-153-4.plesk.page\/de\/wp-json\/wp\/v2\/product\/3396679","targetHints":{"allow":["GET"]}}],"collection":[{"href":"https:\/\/stoic-curie.212-227-153-4.plesk.page\/de\/wp-json\/wp\/v2\/product"}],"about":[{"href":"https:\/\/stoic-curie.212-227-153-4.plesk.page\/de\/wp-json\/wp\/v2\/types\/product"}],"replies":[{"embeddable":true,"href":"https:\/\/stoic-curie.212-227-153-4.plesk.page\/de\/wp-json\/wp\/v2\/comments?post=3396679"}],"version-history":[{"count":0,"href":"https:\/\/stoic-curie.212-227-153-4.plesk.page\/de\/wp-json\/wp\/v2\/product\/3396679\/revisions"}],"wp:featuredmedia":[{"embeddable":true,"href":"https:\/\/stoic-curie.212-227-153-4.plesk.page\/de\/wp-json\/wp\/v2\/media\/5936427"}],"wp:attachment":[{"href":"https:\/\/stoic-curie.212-227-153-4.plesk.page\/de\/wp-json\/wp\/v2\/media?parent=3396679"}],"wp:term":[{"taxonomy":"product_brand","embeddable":true,"href":"https:\/\/stoic-curie.212-227-153-4.plesk.page\/de\/wp-json\/wp\/v2\/product_brand?post=3396679"},{"taxonomy":"product_cat","embeddable":true,"href":"https:\/\/stoic-curie.212-227-153-4.plesk.page\/de\/wp-json\/wp\/v2\/product_cat?post=3396679"},{"taxonomy":"product_tag","embeddable":true,"href":"https:\/\/stoic-curie.212-227-153-4.plesk.page\/de\/wp-json\/wp\/v2\/product_tag?post=3396679"}],"curies":[{"name":"wp","href":"https:\/\/api.w.org\/{rel}","templated":true}]}}