{"id":3396693,"date":"2025-10-09T22:35:37","date_gmt":"2025-10-10T02:35:37","guid":{"rendered":"https:\/\/stoic-curie.212-227-153-4.plesk.page\/product\/eingelassene-led-hoeflichkeitsschaltung-13-mm-weisses-licht\/"},"modified":"2026-02-24T23:34:44","modified_gmt":"2026-02-24T23:34:44","slug":"eingelassene-led-hoeflichkeitsschaltung-13-mm-weisses-licht","status":"publish","type":"product","link":"https:\/\/stoic-curie.212-227-153-4.plesk.page\/de\/product\/eingelassene-led-hoeflichkeitsschaltung-13-mm-weisses-licht\/","title":{"rendered":"Eingelassene LED-H\u00f6flichkeitsschaltung 13 mm wei\u00dfes Licht"},"content":{"rendered":"<p>Eingelassene LED-H\u00f6flichkeitsschaltung 13 mm wei\u00dfes Licht &#8211; <\/p>\n<p>LED-Einbauleuchte in Kunststoffgeh\u00e4use mit freundlichem wei\u00dfen Licht. Helle Beleuchtung, geringer Verbrauch und lange Lebensdauer.<\/p>\n","protected":false},"excerpt":{"rendered":"<p>Eingelassene LED-H\u00f6flichkeitsschaltung 13 mm wei\u00dfes Licht &#8211; LED-Einbauleuchte in Kunststoffgeh\u00e4use mit freundlichem wei\u00dfen Licht. Helle Beleuchtung, geringer Verbrauch und lange<\/p>\n","protected":false},"featured_media":5937325,"comment_status":"closed","ping_status":"closed","template":"","meta":[],"product_brand":[3220],"product_cat":[1443],"product_tag":[],"class_list":{"0":"post-3396693","1":"product","2":"type-product","3":"status-publish","4":"has-post-thumbnail","6":"product_brand-oceanled-de","7":"product_cat-bootshinweislichter","9":"first","10":"instock","11":"shipping-taxable","12":"purchasable","13":"product-type-simple"},"_links":{"self":[{"href":"https:\/\/stoic-curie.212-227-153-4.plesk.page\/de\/wp-json\/wp\/v2\/product\/3396693","targetHints":{"allow":["GET"]}}],"collection":[{"href":"https:\/\/stoic-curie.212-227-153-4.plesk.page\/de\/wp-json\/wp\/v2\/product"}],"about":[{"href":"https:\/\/stoic-curie.212-227-153-4.plesk.page\/de\/wp-json\/wp\/v2\/types\/product"}],"replies":[{"embeddable":true,"href":"https:\/\/stoic-curie.212-227-153-4.plesk.page\/de\/wp-json\/wp\/v2\/comments?post=3396693"}],"version-history":[{"count":0,"href":"https:\/\/stoic-curie.212-227-153-4.plesk.page\/de\/wp-json\/wp\/v2\/product\/3396693\/revisions"}],"wp:featuredmedia":[{"embeddable":true,"href":"https:\/\/stoic-curie.212-227-153-4.plesk.page\/de\/wp-json\/wp\/v2\/media\/5937325"}],"wp:attachment":[{"href":"https:\/\/stoic-curie.212-227-153-4.plesk.page\/de\/wp-json\/wp\/v2\/media?parent=3396693"}],"wp:term":[{"taxonomy":"product_brand","embeddable":true,"href":"https:\/\/stoic-curie.212-227-153-4.plesk.page\/de\/wp-json\/wp\/v2\/product_brand?post=3396693"},{"taxonomy":"product_cat","embeddable":true,"href":"https:\/\/stoic-curie.212-227-153-4.plesk.page\/de\/wp-json\/wp\/v2\/product_cat?post=3396693"},{"taxonomy":"product_tag","embeddable":true,"href":"https:\/\/stoic-curie.212-227-153-4.plesk.page\/de\/wp-json\/wp\/v2\/product_tag?post=3396693"}],"curies":[{"name":"wp","href":"https:\/\/api.w.org\/{rel}","templated":true}]}}