{"id":3396815,"date":"2025-10-09T22:35:41","date_gmt":"2025-10-10T02:35:41","guid":{"rendered":"https:\/\/stoic-curie.212-227-153-4.plesk.page\/product\/flexible-graues-und-schwarzes-schutzrohr-d50x120cm\/"},"modified":"2026-02-24T23:34:44","modified_gmt":"2026-02-24T23:34:44","slug":"flexible-graues-und-schwarzes-schutzrohr-d50x120cm","status":"publish","type":"product","link":"https:\/\/stoic-curie.212-227-153-4.plesk.page\/de\/product\/flexible-graues-und-schwarzes-schutzrohr-d50x120cm\/","title":{"rendered":"Flexible graues und schwarzes Schutzrohr D50x120cm"},"content":{"rendered":"<p>Flexible graues und schwarzes Schutzrohr D50x120cm &#8211; <\/p>\n<p>Helix-Schrauben-Durchf\u00fchrungsrohr f\u00fcr flexible Steuerkabel, Verkabelung und Kraftstoffleitungen. Maximale Kr\u00fcmmungsradius 15 cm.<\/p>\n","protected":false},"excerpt":{"rendered":"<p>Flexible graues und schwarzes Schutzrohr D50x120cm &#8211; Helix-Schrauben-Durchf\u00fchrungsrohr f\u00fcr flexible Steuerkabel, Verkabelung und Kraftstoffleitungen. Maximale Kr\u00fcmmungsradius 15 cm.<\/p>\n","protected":false},"featured_media":5937347,"comment_status":"closed","ping_status":"closed","template":"","meta":[],"product_brand":[3500],"product_cat":[1536,1541,1497],"product_tag":[],"class_list":{"0":"post-3396815","1":"product","2":"type-product","3":"status-publish","4":"has-post-thumbnail","6":"product_brand-ultraflex-uflex-de","7":"product_cat-hydraulische-lenkung","8":"product_cat-kabelsteuerung","9":"product_cat-morse-steuerkabel","11":"first","12":"instock","13":"shipping-taxable","14":"purchasable","15":"product-type-simple"},"_links":{"self":[{"href":"https:\/\/stoic-curie.212-227-153-4.plesk.page\/de\/wp-json\/wp\/v2\/product\/3396815","targetHints":{"allow":["GET"]}}],"collection":[{"href":"https:\/\/stoic-curie.212-227-153-4.plesk.page\/de\/wp-json\/wp\/v2\/product"}],"about":[{"href":"https:\/\/stoic-curie.212-227-153-4.plesk.page\/de\/wp-json\/wp\/v2\/types\/product"}],"replies":[{"embeddable":true,"href":"https:\/\/stoic-curie.212-227-153-4.plesk.page\/de\/wp-json\/wp\/v2\/comments?post=3396815"}],"version-history":[{"count":0,"href":"https:\/\/stoic-curie.212-227-153-4.plesk.page\/de\/wp-json\/wp\/v2\/product\/3396815\/revisions"}],"wp:featuredmedia":[{"embeddable":true,"href":"https:\/\/stoic-curie.212-227-153-4.plesk.page\/de\/wp-json\/wp\/v2\/media\/5937347"}],"wp:attachment":[{"href":"https:\/\/stoic-curie.212-227-153-4.plesk.page\/de\/wp-json\/wp\/v2\/media?parent=3396815"}],"wp:term":[{"taxonomy":"product_brand","embeddable":true,"href":"https:\/\/stoic-curie.212-227-153-4.plesk.page\/de\/wp-json\/wp\/v2\/product_brand?post=3396815"},{"taxonomy":"product_cat","embeddable":true,"href":"https:\/\/stoic-curie.212-227-153-4.plesk.page\/de\/wp-json\/wp\/v2\/product_cat?post=3396815"},{"taxonomy":"product_tag","embeddable":true,"href":"https:\/\/stoic-curie.212-227-153-4.plesk.page\/de\/wp-json\/wp\/v2\/product_tag?post=3396815"}],"curies":[{"name":"wp","href":"https:\/\/api.w.org\/{rel}","templated":true}]}}