{"id":3396889,"date":"2025-10-09T22:35:44","date_gmt":"2025-10-10T02:35:44","guid":{"rendered":"https:\/\/stoic-curie.212-227-153-4.plesk.page\/product\/riviera-lenkrad-blau-vr00-280-mm\/"},"modified":"2026-02-24T23:34:44","modified_gmt":"2026-02-24T23:34:44","slug":"riviera-lenkrad-blau-vr00-280-mm","status":"publish","type":"product","link":"https:\/\/stoic-curie.212-227-153-4.plesk.page\/de\/product\/riviera-lenkrad-blau-vr00-280-mm\/","title":{"rendered":"Riviera Lenkrad Blau VR00 280 mm"},"content":{"rendered":"<p>Riviera Lenkrad Blau VR00 280 mm &#8211; <\/p>\n<p>Kompakte Lenkr\u00e4der aus leder\u00e4hnlichem, thermoplastischem, sto\u00dfd\u00e4mpfendem Material mit weichem Griff. Speichen aus ABS im Carbon-Look. CE-gekennzeichnet gem\u00e4\u00df den EN- und ABYC-Normen.<\/p>\n","protected":false},"excerpt":{"rendered":"<p>Riviera Lenkrad Blau VR00 280 mm &#8211; Kompakte Lenkr\u00e4der aus leder\u00e4hnlichem, thermoplastischem, sto\u00dfd\u00e4mpfendem Material mit weichem Griff. Speichen aus ABS<\/p>\n","protected":false},"featured_media":5937358,"comment_status":"closed","ping_status":"closed","template":"","meta":[],"product_brand":[3305],"product_cat":[1535],"product_tag":[],"class_list":{"0":"post-3396889","1":"product","2":"type-product","3":"status-publish","4":"has-post-thumbnail","6":"product_brand-riviera-de","7":"product_cat-steuerraeder","9":"first","10":"instock","11":"shipping-taxable","12":"purchasable","13":"product-type-simple"},"_links":{"self":[{"href":"https:\/\/stoic-curie.212-227-153-4.plesk.page\/de\/wp-json\/wp\/v2\/product\/3396889","targetHints":{"allow":["GET"]}}],"collection":[{"href":"https:\/\/stoic-curie.212-227-153-4.plesk.page\/de\/wp-json\/wp\/v2\/product"}],"about":[{"href":"https:\/\/stoic-curie.212-227-153-4.plesk.page\/de\/wp-json\/wp\/v2\/types\/product"}],"replies":[{"embeddable":true,"href":"https:\/\/stoic-curie.212-227-153-4.plesk.page\/de\/wp-json\/wp\/v2\/comments?post=3396889"}],"version-history":[{"count":0,"href":"https:\/\/stoic-curie.212-227-153-4.plesk.page\/de\/wp-json\/wp\/v2\/product\/3396889\/revisions"}],"wp:featuredmedia":[{"embeddable":true,"href":"https:\/\/stoic-curie.212-227-153-4.plesk.page\/de\/wp-json\/wp\/v2\/media\/5937358"}],"wp:attachment":[{"href":"https:\/\/stoic-curie.212-227-153-4.plesk.page\/de\/wp-json\/wp\/v2\/media?parent=3396889"}],"wp:term":[{"taxonomy":"product_brand","embeddable":true,"href":"https:\/\/stoic-curie.212-227-153-4.plesk.page\/de\/wp-json\/wp\/v2\/product_brand?post=3396889"},{"taxonomy":"product_cat","embeddable":true,"href":"https:\/\/stoic-curie.212-227-153-4.plesk.page\/de\/wp-json\/wp\/v2\/product_cat?post=3396889"},{"taxonomy":"product_tag","embeddable":true,"href":"https:\/\/stoic-curie.212-227-153-4.plesk.page\/de\/wp-json\/wp\/v2\/product_tag?post=3396889"}],"curies":[{"name":"wp","href":"https:\/\/api.w.org\/{rel}","templated":true}]}}