{"id":3397119,"date":"2025-10-09T22:35:53","date_gmt":"2025-10-10T02:35:53","guid":{"rendered":"https:\/\/stoic-curie.212-227-153-4.plesk.page\/product\/wasserdichte-tasche-fuer-nautische-karten-aquapac-330-x-310mm\/"},"modified":"2026-02-24T23:34:44","modified_gmt":"2026-02-24T23:34:44","slug":"wasserdichte-tasche-fuer-nautische-karten-aquapac-330-x-310mm","status":"publish","type":"product","link":"https:\/\/stoic-curie.212-227-153-4.plesk.page\/de\/product\/wasserdichte-tasche-fuer-nautische-karten-aquapac-330-x-310mm\/","title":{"rendered":"Wasserdichte Tasche f\u00fcr Nautische Karten Aquapac 330 x 310mm"},"content":{"rendered":"<p>Wasserdichte Tasche f\u00fcr Nautische Karten Aquapac 330 x 310mm &#8211; <\/p>\n<p>Wasserdichter Fall zum Schutz von Karten, Diagrammen und anderen Dokumenten. Mit verst\u00e4rkten L\u00f6chern, die es erm\u00f6glichen, die (bereitgestellte) Umh\u00e4ngeband zu befestigen. Wasserdichte Rollversiegelung und Klettverschluss.<\/p>\n","protected":false},"excerpt":{"rendered":"<p>Wasserdichte Tasche f\u00fcr Nautische Karten Aquapac 330 x 310mm &#8211; Wasserdichter Fall zum Schutz von Karten, Diagrammen und anderen Dokumenten.<\/p>\n","protected":false},"featured_media":5937414,"comment_status":"closed","ping_status":"closed","template":"","meta":[],"product_brand":[2795],"product_cat":[1487,1568],"product_tag":[],"class_list":{"0":"post-3397119","1":"product","2":"type-product","3":"status-publish","4":"has-post-thumbnail","6":"product_brand-aquapac-de","7":"product_cat-navigationstafeln-und-instrumente","8":"product_cat-trockensaecke","10":"first","11":"instock","12":"shipping-taxable","13":"purchasable","14":"product-type-simple"},"_links":{"self":[{"href":"https:\/\/stoic-curie.212-227-153-4.plesk.page\/de\/wp-json\/wp\/v2\/product\/3397119","targetHints":{"allow":["GET"]}}],"collection":[{"href":"https:\/\/stoic-curie.212-227-153-4.plesk.page\/de\/wp-json\/wp\/v2\/product"}],"about":[{"href":"https:\/\/stoic-curie.212-227-153-4.plesk.page\/de\/wp-json\/wp\/v2\/types\/product"}],"replies":[{"embeddable":true,"href":"https:\/\/stoic-curie.212-227-153-4.plesk.page\/de\/wp-json\/wp\/v2\/comments?post=3397119"}],"version-history":[{"count":0,"href":"https:\/\/stoic-curie.212-227-153-4.plesk.page\/de\/wp-json\/wp\/v2\/product\/3397119\/revisions"}],"wp:featuredmedia":[{"embeddable":true,"href":"https:\/\/stoic-curie.212-227-153-4.plesk.page\/de\/wp-json\/wp\/v2\/media\/5937414"}],"wp:attachment":[{"href":"https:\/\/stoic-curie.212-227-153-4.plesk.page\/de\/wp-json\/wp\/v2\/media?parent=3397119"}],"wp:term":[{"taxonomy":"product_brand","embeddable":true,"href":"https:\/\/stoic-curie.212-227-153-4.plesk.page\/de\/wp-json\/wp\/v2\/product_brand?post=3397119"},{"taxonomy":"product_cat","embeddable":true,"href":"https:\/\/stoic-curie.212-227-153-4.plesk.page\/de\/wp-json\/wp\/v2\/product_cat?post=3397119"},{"taxonomy":"product_tag","embeddable":true,"href":"https:\/\/stoic-curie.212-227-153-4.plesk.page\/de\/wp-json\/wp\/v2\/product_tag?post=3397119"}],"curies":[{"name":"wp","href":"https:\/\/api.w.org\/{rel}","templated":true}]}}