{"id":3397229,"date":"2025-10-09T22:35:57","date_gmt":"2025-10-10T02:35:57","guid":{"rendered":"https:\/\/stoic-curie.212-227-153-4.plesk.page\/product\/schwarzes-hochfestes-polyestergarn-auf-rolle-1mm-x-40m\/"},"modified":"2026-02-24T23:34:44","modified_gmt":"2026-02-24T23:34:44","slug":"schwarzes-hochfestes-polyestergarn-auf-rolle-1mm-x-40m","status":"publish","type":"product","link":"https:\/\/stoic-curie.212-227-153-4.plesk.page\/de\/product\/schwarzes-hochfestes-polyestergarn-auf-rolle-1mm-x-40m\/","title":{"rendered":"Schwarzes Hochfestes Polyestergarn auf Rolle 1mm x 40m"},"content":{"rendered":"<p>Schwarzes Hochfestes Polyestergarn auf Rolle 1mm x 40m &#8211; <\/p>\n<p>Schwarze Polyesterkordeln auf Mini-Spulen. Ideal f\u00fcr Schl\u00fcsselanh\u00e4nger, Bindungen und andere Anwendungen.<\/p>\n","protected":false},"excerpt":{"rendered":"<p>Schwarzes Hochfestes Polyestergarn auf Rolle 1mm x 40m &#8211; Schwarze Polyesterkordeln auf Mini-Spulen. Ideal f\u00fcr Schl\u00fcsselanh\u00e4nger, Bindungen und andere Anwendungen.<\/p>\n","protected":false},"featured_media":5937466,"comment_status":"closed","ping_status":"closed","template":"","meta":[],"product_brand":[3235],"product_cat":[1481],"product_tag":[],"class_list":{"0":"post-3397229","1":"product","2":"type-product","3":"status-publish","4":"has-post-thumbnail","6":"product_brand-osculati-de","7":"product_cat-schoten-und-taljen","9":"first","10":"instock","11":"shipping-taxable","12":"purchasable","13":"product-type-simple"},"_links":{"self":[{"href":"https:\/\/stoic-curie.212-227-153-4.plesk.page\/de\/wp-json\/wp\/v2\/product\/3397229","targetHints":{"allow":["GET"]}}],"collection":[{"href":"https:\/\/stoic-curie.212-227-153-4.plesk.page\/de\/wp-json\/wp\/v2\/product"}],"about":[{"href":"https:\/\/stoic-curie.212-227-153-4.plesk.page\/de\/wp-json\/wp\/v2\/types\/product"}],"replies":[{"embeddable":true,"href":"https:\/\/stoic-curie.212-227-153-4.plesk.page\/de\/wp-json\/wp\/v2\/comments?post=3397229"}],"version-history":[{"count":0,"href":"https:\/\/stoic-curie.212-227-153-4.plesk.page\/de\/wp-json\/wp\/v2\/product\/3397229\/revisions"}],"wp:featuredmedia":[{"embeddable":true,"href":"https:\/\/stoic-curie.212-227-153-4.plesk.page\/de\/wp-json\/wp\/v2\/media\/5937466"}],"wp:attachment":[{"href":"https:\/\/stoic-curie.212-227-153-4.plesk.page\/de\/wp-json\/wp\/v2\/media?parent=3397229"}],"wp:term":[{"taxonomy":"product_brand","embeddable":true,"href":"https:\/\/stoic-curie.212-227-153-4.plesk.page\/de\/wp-json\/wp\/v2\/product_brand?post=3397229"},{"taxonomy":"product_cat","embeddable":true,"href":"https:\/\/stoic-curie.212-227-153-4.plesk.page\/de\/wp-json\/wp\/v2\/product_cat?post=3397229"},{"taxonomy":"product_tag","embeddable":true,"href":"https:\/\/stoic-curie.212-227-153-4.plesk.page\/de\/wp-json\/wp\/v2\/product_tag?post=3397229"}],"curies":[{"name":"wp","href":"https:\/\/api.w.org\/{rel}","templated":true}]}}